{"id":1758,"date":"2025-11-26T12:45:55","date_gmt":"2025-11-26T12:45:55","guid":{"rendered":"https:\/\/fujcisto.com\/?post_type=product&#038;p=1758"},"modified":"2025-12-02T11:41:27","modified_gmt":"2025-12-02T11:41:27","slug":"rogge-500-ml-sredstvo-za-ciscenje-ekrana-novo-mikrovlakno-40x40-cm","status":"publish","type":"product","link":"https:\/\/fujcisto.com\/en\/product\/rogge-500-ml-sredstvo-za-ciscenje-ekrana-novo-mikrovlakno-40x40-cm\/","title":{"rendered":"Rogge 500 ml screen cleaner + new microfiber 40\u00d740 cm"},"content":{"rendered":"<p data-start=\"396\" data-end=\"805\">Compared to our other universal rags, the 10750 model has the longest flor, which allows for even better absorption of dirt, dust and water. Removing silicone, oil, grease and other dirt particles from the screen is also not a problem. This is why this microfiber cloth SC1188 is very versatile, for example as a household cloth, a cloth for glass and a kitchen, for dust or for high-gloss kitchens.<\/p>\n<ul data-start=\"807\" data-end=\"1159\">\n<li data-start=\"807\" data-end=\"865\">\n<p data-start=\"809\" data-end=\"865\">High ability to absorb dust, dirt and water<\/p>\n<\/li>\n<li data-start=\"866\" data-end=\"929\">\n<p data-start=\"868\" data-end=\"929\">A pleasant feeling when using it thanks to the high volume<\/p>\n<\/li>\n<li data-start=\"930\" data-end=\"995\">\n<p data-start=\"932\" data-end=\"995\">Particularly gentle on sensitive glass surfaces of the display<\/p>\n<\/li>\n<li data-start=\"996\" data-end=\"1035\">\n<p data-start=\"998\" data-end=\"1035\">Weight: 300 g\/m\u00b2 \u2013 green or blue<\/p>\n<\/li>\n<li data-start=\"1036\" data-end=\"1092\">\n<p data-start=\"1038\" data-end=\"1092\">80% microfiber + 201TP3 t polyamide microfiber<\/p>\n<\/li>\n<li data-start=\"1093\" data-end=\"1134\">\n<p data-start=\"1095\" data-end=\"1134\">95 \u00b0C \u2013 maximum washing temperature<\/p>\n<\/li>\n<li data-start=\"1135\" data-end=\"1159\">\n<p data-start=\"1137\" data-end=\"1159\">Size: 40 \u00d7 40 cm<\/p>\n<\/li>\n<\/ul>\n<p data-start=\"1161\" data-end=\"1221\" data-is-last-node=\"\" data-is-only-node=\"\"><strong data-start=\"1161\" data-end=\"1221\" data-is-last-node=\"\">Sustainable \u2013 Effective \u2013 Efficient \u2013 Eco-friendly<\/strong><\/p>","protected":false},"excerpt":{"rendered":"<p data-start=\"33\" data-end=\"241\"><strong data-start=\"33\" data-end=\"61\">Professional cleaner for:<\/strong> LCD\/TFT\/LED\/OLED-plasma screens, as well as for tablets, touch screens, smartphones, all-in-one devices and all smooth and sensitive surfaces.<br data-start=\"201\" data-end=\"204\" \/>Original since 1998, \u201cMade in Germany\u201d.<\/p>\n<p data-start=\"243\" data-end=\"394\">Rogge 10750 is a new classic among microfiber cloths.<br data-start=\"298\" data-end=\"301\" \/>Thanks to the special treatment, this cloth is extremely soft, voluminous and fits perfectly in the hand.<\/p>","protected":false},"featured_media":1815,"comment_status":"open","ping_status":"closed","template":"","meta":{"_bst_post_transparent":"default","_bst_post_title":"","_bst_post_layout":"default","_bst_post_sidebar_id":"","_bst_post_content_style":"default","_bst_post_vertical_padding":"default","_bst_post_feature":"","_bst_post_feature_position":"","_bst_post_header":false,"_bst_post_footer":false},"product_brand":[105],"product_cat":[98,93,109,106,110],"product_tag":[],"product_brands":[],"class_list":{"0":"post-1758","1":"product","2":"type-product","3":"status-publish","4":"has-post-thumbnail","6":"product_brand-rogge","7":"product_cat-fotoaparate","8":"product_cat-laptope","9":"product_cat-mobitele","10":"product_cat-prozori","11":"product_cat-tablete","13":"first","14":"instock","15":"taxable","16":"shipping-taxable","17":"purchasable","18":"product-type-simple","19":"entry","20":"content-bg","21":"loop-entry"},"supplier_id":null,"supplier_sku":"","barcode":null,"atum_controlled":true,"out_stock_date":null,"out_stock_threshold":null,"inheritable":false,"inbound_stock":0,"stock_on_hold":0,"sold_today":0,"sales_last_days":0,"reserved_stock":0,"customer_returns":0,"warehouse_damage":0,"lost_in_post":0,"other_logs":0,"out_stock_days":0,"lost_sales":0,"has_location":false,"update_date":"2026-04-05T01:18:10","atum_locations":[],"atum_stock_status":"instock","restock_status":false,"low_stock_amount":"","sales_update_date":"2026-04-05T01:18:10","calc_backorders":null,"yoast_head":"<!-- This site is optimized with the Yoast SEO plugin v26.5 - https:\/\/yoast.com\/wordpress\/plugins\/seo\/ -->\n<title>ROGGE 500 ml sredstvo za \u010di\u0161\u0107enje ekrana + novo mikrovlakno 40\u00d740 cm - Fuj \u010cisto<\/title>\n<meta name=\"robots\" content=\"index, follow, max-snippet:-1, max-image-preview:large, max-video-preview:-1\" \/>\n<link rel=\"canonical\" href=\"https:\/\/fujcisto.com\/en\/product\/rogge-500-ml-sredstvo-za-ciscenje-ekrana-novo-mikrovlakno-40x40-cm\/\" \/>\n<meta property=\"og:locale\" content=\"en_US\" \/>\n<meta property=\"og:type\" content=\"article\" \/>\n<meta property=\"og:title\" content=\"ROGGE 500 ml sredstvo za \u010di\u0161\u0107enje ekrana + novo mikrovlakno 40\u00d740 cm - Fuj \u010cisto\" \/>\n<meta property=\"og:description\" content=\"Profesionalni \u010dista\u010d za: LCD\/TFT\/LED\/OLED-plazma zaslone, kao i za tablete, touch zaslone, pametne telefone, All-in-One ure\u0111aje te sve glatke i osjetljive povr\u0161ine.Original od 1998., &quot;Made in Germany&quot;. ROGGE 10750 je NOVI klasik me\u0111u krpama od mikrovlakana.Zahvaljuju\u0107i posebnoj obradi, ova je krpa izrazito mekana, voluminozna i odli\u010dno le\u017ei u ruci.\" \/>\n<meta property=\"og:url\" content=\"https:\/\/fujcisto.com\/en\/product\/rogge-500-ml-sredstvo-za-ciscenje-ekrana-novo-mikrovlakno-40x40-cm\/\" \/>\n<meta property=\"og:site_name\" content=\"Fuj \u010cisto\" \/>\n<meta property=\"article:modified_time\" content=\"2025-12-02T11:41:27+00:00\" \/>\n<meta property=\"og:image\" content=\"https:\/\/fujcisto.com\/wp-content\/uploads\/2025\/11\/ROGGE-500-ml-sredstvo-za-ciscenje-ekrana-novo-mikrovlakno-40\u00d740-cm.jpg\" \/>\n\t<meta property=\"og:image:width\" content=\"604\" \/>\n\t<meta property=\"og:image:height\" content=\"447\" \/>\n\t<meta property=\"og:image:type\" content=\"image\/jpeg\" \/>\n<meta name=\"twitter:card\" content=\"summary_large_image\" \/>\n<meta name=\"twitter:label1\" content=\"Est. reading time\" \/>\n\t<meta name=\"twitter:data1\" content=\"1 minute\" \/>\n<script type=\"application\/ld+json\" class=\"yoast-schema-graph\">{\"@context\":\"https:\/\/schema.org\",\"@graph\":[{\"@type\":\"WebPage\",\"@id\":\"https:\/\/fujcisto.com\/proizvod\/rogge-500-ml-sredstvo-za-ciscenje-ekrana-novo-mikrovlakno-40x40-cm\/\",\"url\":\"https:\/\/fujcisto.com\/proizvod\/rogge-500-ml-sredstvo-za-ciscenje-ekrana-novo-mikrovlakno-40x40-cm\/\",\"name\":\"ROGGE 500 ml sredstvo za \u010di\u0161\u0107enje ekrana + novo mikrovlakno 40\u00d740 cm - Fuj \u010cisto\",\"isPartOf\":{\"@id\":\"https:\/\/fujcisto.com\/#website\"},\"primaryImageOfPage\":{\"@id\":\"https:\/\/fujcisto.com\/proizvod\/rogge-500-ml-sredstvo-za-ciscenje-ekrana-novo-mikrovlakno-40x40-cm\/#primaryimage\"},\"image\":{\"@id\":\"https:\/\/fujcisto.com\/proizvod\/rogge-500-ml-sredstvo-za-ciscenje-ekrana-novo-mikrovlakno-40x40-cm\/#primaryimage\"},\"thumbnailUrl\":\"https:\/\/fujcisto.com\/wp-content\/uploads\/2025\/11\/ROGGE-500-ml-sredstvo-za-ciscenje-ekrana-novo-mikrovlakno-40\u00d740-cm.jpg\",\"datePublished\":\"2025-11-26T12:45:55+00:00\",\"dateModified\":\"2025-12-02T11:41:27+00:00\",\"breadcrumb\":{\"@id\":\"https:\/\/fujcisto.com\/proizvod\/rogge-500-ml-sredstvo-za-ciscenje-ekrana-novo-mikrovlakno-40x40-cm\/#breadcrumb\"},\"inLanguage\":\"en-US\",\"potentialAction\":[{\"@type\":\"ReadAction\",\"target\":[\"https:\/\/fujcisto.com\/proizvod\/rogge-500-ml-sredstvo-za-ciscenje-ekrana-novo-mikrovlakno-40x40-cm\/\"]}]},{\"@type\":\"ImageObject\",\"inLanguage\":\"en-US\",\"@id\":\"https:\/\/fujcisto.com\/proizvod\/rogge-500-ml-sredstvo-za-ciscenje-ekrana-novo-mikrovlakno-40x40-cm\/#primaryimage\",\"url\":\"https:\/\/fujcisto.com\/wp-content\/uploads\/2025\/11\/ROGGE-500-ml-sredstvo-za-ciscenje-ekrana-novo-mikrovlakno-40\u00d740-cm.jpg\",\"contentUrl\":\"https:\/\/fujcisto.com\/wp-content\/uploads\/2025\/11\/ROGGE-500-ml-sredstvo-za-ciscenje-ekrana-novo-mikrovlakno-40\u00d740-cm.jpg\",\"width\":604,\"height\":447},{\"@type\":\"BreadcrumbList\",\"@id\":\"https:\/\/fujcisto.com\/proizvod\/rogge-500-ml-sredstvo-za-ciscenje-ekrana-novo-mikrovlakno-40x40-cm\/#breadcrumb\",\"itemListElement\":[{\"@type\":\"ListItem\",\"position\":1,\"name\":\"Po\u010detna stranica\",\"item\":\"https:\/\/fujcisto.com\/\"},{\"@type\":\"ListItem\",\"position\":2,\"name\":\"Shop\",\"item\":\"https:\/\/fujcisto.com\/shop\/\"},{\"@type\":\"ListItem\",\"position\":3,\"name\":\"ROGGE 500 ml sredstvo za \u010di\u0161\u0107enje ekrana + novo mikrovlakno 40\u00d740 cm\"}]},{\"@type\":\"WebSite\",\"@id\":\"https:\/\/fujcisto.com\/#website\",\"url\":\"https:\/\/fujcisto.com\/\",\"name\":\"Fuj \u010cisto\",\"description\":\"Fuj nije opcija. O\u010disti pametno!\",\"publisher\":{\"@id\":\"https:\/\/fujcisto.com\/#organization\"},\"potentialAction\":[{\"@type\":\"SearchAction\",\"target\":{\"@type\":\"EntryPoint\",\"urlTemplate\":\"https:\/\/fujcisto.com\/?s={search_term_string}\"},\"query-input\":{\"@type\":\"PropertyValueSpecification\",\"valueRequired\":true,\"valueName\":\"search_term_string\"}}],\"inLanguage\":\"en-US\"},{\"@type\":\"Organization\",\"@id\":\"https:\/\/fujcisto.com\/#organization\",\"name\":\"Fuj \u010cisto\",\"url\":\"https:\/\/fujcisto.com\/\",\"logo\":{\"@type\":\"ImageObject\",\"inLanguage\":\"en-US\",\"@id\":\"https:\/\/fujcisto.com\/#\/schema\/logo\/image\/\",\"url\":\"https:\/\/fujcisto.com\/wp-content\/uploads\/2025\/06\/fujcisto-logo.svg\",\"contentUrl\":\"https:\/\/fujcisto.com\/wp-content\/uploads\/2025\/06\/fujcisto-logo.svg\",\"width\":100,\"height\":100,\"caption\":\"Fuj \u010cisto\"},\"image\":{\"@id\":\"https:\/\/fujcisto.com\/#\/schema\/logo\/image\/\"}}]}<\/script>\n<!-- \/ Yoast SEO plugin. -->","yoast_head_json":{"title":"ROGGE 500 ml sredstvo za \u010di\u0161\u0107enje ekrana + novo mikrovlakno 40\u00d740 cm - Fuj \u010cisto","robots":{"index":"index","follow":"follow","max-snippet":"max-snippet:-1","max-image-preview":"max-image-preview:large","max-video-preview":"max-video-preview:-1"},"canonical":"https:\/\/fujcisto.com\/en\/product\/rogge-500-ml-sredstvo-za-ciscenje-ekrana-novo-mikrovlakno-40x40-cm\/","og_locale":"en_US","og_type":"article","og_title":"ROGGE 500 ml sredstvo za \u010di\u0161\u0107enje ekrana + novo mikrovlakno 40\u00d740 cm - Fuj \u010cisto","og_description":"Profesionalni \u010dista\u010d za: LCD\/TFT\/LED\/OLED-plazma zaslone, kao i za tablete, touch zaslone, pametne telefone, All-in-One ure\u0111aje te sve glatke i osjetljive povr\u0161ine.Original od 1998., \"Made in Germany\". ROGGE 10750 je NOVI klasik me\u0111u krpama od mikrovlakana.Zahvaljuju\u0107i posebnoj obradi, ova je krpa izrazito mekana, voluminozna i odli\u010dno le\u017ei u ruci.","og_url":"https:\/\/fujcisto.com\/en\/product\/rogge-500-ml-sredstvo-za-ciscenje-ekrana-novo-mikrovlakno-40x40-cm\/","og_site_name":"Fuj \u010cisto","article_modified_time":"2025-12-02T11:41:27+00:00","og_image":[{"width":604,"height":447,"url":"https:\/\/fujcisto.com\/wp-content\/uploads\/2025\/11\/ROGGE-500-ml-sredstvo-za-ciscenje-ekrana-novo-mikrovlakno-40\u00d740-cm.jpg","type":"image\/jpeg"}],"twitter_card":"summary_large_image","twitter_misc":{"Est. reading time":"1 minute"},"schema":{"@context":"https:\/\/schema.org","@graph":[{"@type":"WebPage","@id":"https:\/\/fujcisto.com\/proizvod\/rogge-500-ml-sredstvo-za-ciscenje-ekrana-novo-mikrovlakno-40x40-cm\/","url":"https:\/\/fujcisto.com\/proizvod\/rogge-500-ml-sredstvo-za-ciscenje-ekrana-novo-mikrovlakno-40x40-cm\/","name":"ROGGE 500 ml sredstvo za \u010di\u0161\u0107enje ekrana + novo mikrovlakno 40\u00d740 cm - Fuj \u010cisto","isPartOf":{"@id":"https:\/\/fujcisto.com\/#website"},"primaryImageOfPage":{"@id":"https:\/\/fujcisto.com\/proizvod\/rogge-500-ml-sredstvo-za-ciscenje-ekrana-novo-mikrovlakno-40x40-cm\/#primaryimage"},"image":{"@id":"https:\/\/fujcisto.com\/proizvod\/rogge-500-ml-sredstvo-za-ciscenje-ekrana-novo-mikrovlakno-40x40-cm\/#primaryimage"},"thumbnailUrl":"https:\/\/fujcisto.com\/wp-content\/uploads\/2025\/11\/ROGGE-500-ml-sredstvo-za-ciscenje-ekrana-novo-mikrovlakno-40\u00d740-cm.jpg","datePublished":"2025-11-26T12:45:55+00:00","dateModified":"2025-12-02T11:41:27+00:00","breadcrumb":{"@id":"https:\/\/fujcisto.com\/proizvod\/rogge-500-ml-sredstvo-za-ciscenje-ekrana-novo-mikrovlakno-40x40-cm\/#breadcrumb"},"inLanguage":"en-US","potentialAction":[{"@type":"ReadAction","target":["https:\/\/fujcisto.com\/proizvod\/rogge-500-ml-sredstvo-za-ciscenje-ekrana-novo-mikrovlakno-40x40-cm\/"]}]},{"@type":"ImageObject","inLanguage":"en-US","@id":"https:\/\/fujcisto.com\/proizvod\/rogge-500-ml-sredstvo-za-ciscenje-ekrana-novo-mikrovlakno-40x40-cm\/#primaryimage","url":"https:\/\/fujcisto.com\/wp-content\/uploads\/2025\/11\/ROGGE-500-ml-sredstvo-za-ciscenje-ekrana-novo-mikrovlakno-40\u00d740-cm.jpg","contentUrl":"https:\/\/fujcisto.com\/wp-content\/uploads\/2025\/11\/ROGGE-500-ml-sredstvo-za-ciscenje-ekrana-novo-mikrovlakno-40\u00d740-cm.jpg","width":604,"height":447},{"@type":"BreadcrumbList","@id":"https:\/\/fujcisto.com\/proizvod\/rogge-500-ml-sredstvo-za-ciscenje-ekrana-novo-mikrovlakno-40x40-cm\/#breadcrumb","itemListElement":[{"@type":"ListItem","position":1,"name":"Po\u010detna stranica","item":"https:\/\/fujcisto.com\/"},{"@type":"ListItem","position":2,"name":"Shop","item":"https:\/\/fujcisto.com\/shop\/"},{"@type":"ListItem","position":3,"name":"ROGGE 500 ml sredstvo za \u010di\u0161\u0107enje ekrana + novo mikrovlakno 40\u00d740 cm"}]},{"@type":"WebSite","@id":"https:\/\/fujcisto.com\/#website","url":"https:\/\/fujcisto.com\/","name":"Phew, clean.","description":"ugh is not an option. Clean up smart!","publisher":{"@id":"https:\/\/fujcisto.com\/#organization"},"potentialAction":[{"@type":"SearchAction","target":{"@type":"EntryPoint","urlTemplate":"https:\/\/fujcisto.com\/?s={search_term_string}"},"query-input":{"@type":"PropertyValueSpecification","valueRequired":true,"valueName":"search_term_string"}}],"inLanguage":"en-US"},{"@type":"Organization","@id":"https:\/\/fujcisto.com\/#organization","name":"Phew, clean.","url":"https:\/\/fujcisto.com\/","logo":{"@type":"ImageObject","inLanguage":"en-US","@id":"https:\/\/fujcisto.com\/#\/schema\/logo\/image\/","url":"https:\/\/fujcisto.com\/wp-content\/uploads\/2025\/06\/fujcisto-logo.svg","contentUrl":"https:\/\/fujcisto.com\/wp-content\/uploads\/2025\/06\/fujcisto-logo.svg","width":100,"height":100,"caption":"Fuj \u010cisto"},"image":{"@id":"https:\/\/fujcisto.com\/#\/schema\/logo\/image\/"}}]}},"_links":{"self":[{"href":"https:\/\/fujcisto.com\/en\/wp-json\/wp\/v2\/product\/1758","targetHints":{"allow":["GET"]}}],"collection":[{"href":"https:\/\/fujcisto.com\/en\/wp-json\/wp\/v2\/product"}],"about":[{"href":"https:\/\/fujcisto.com\/en\/wp-json\/wp\/v2\/types\/product"}],"replies":[{"embeddable":true,"href":"https:\/\/fujcisto.com\/en\/wp-json\/wp\/v2\/comments?post=1758"}],"wp:featuredmedia":[{"embeddable":true,"href":"https:\/\/fujcisto.com\/en\/wp-json\/wp\/v2\/media\/1815"}],"wp:attachment":[{"href":"https:\/\/fujcisto.com\/en\/wp-json\/wp\/v2\/media?parent=1758"}],"wp:term":[{"taxonomy":"product_brand","embeddable":true,"href":"https:\/\/fujcisto.com\/en\/wp-json\/wp\/v2\/product_brand?post=1758"},{"taxonomy":"product_cat","embeddable":true,"href":"https:\/\/fujcisto.com\/en\/wp-json\/wp\/v2\/product_cat?post=1758"},{"taxonomy":"product_tag","embeddable":true,"href":"https:\/\/fujcisto.com\/en\/wp-json\/wp\/v2\/product_tag?post=1758"},{"taxonomy":"product_brands","embeddable":true,"href":"https:\/\/fujcisto.com\/en\/wp-json\/wp\/v2\/product_brands?post=1758"}],"curies":[{"name":"wp","href":"https:\/\/api.w.org\/{rel}","templated":true}]}}