{"id":1756,"date":"2025-11-26T12:40:39","date_gmt":"2025-11-26T12:40:39","guid":{"rendered":"https:\/\/fujcisto.com\/?post_type=product&#038;p=1756"},"modified":"2025-12-02T11:51:56","modified_gmt":"2025-12-02T11:51:56","slug":"screenclean-250ml-cistac-zaslona-100-vileda-micro","status":"publish","type":"product","link":"https:\/\/fujcisto.com\/en\/product\/screenclean-250ml-cistac-zaslona-100-vileda-micro\/","title":{"rendered":"ScreenClean 250ml Screen Cleaner 100% + Vileda Micro"},"content":{"rendered":"<div class=\"WAZqE7 QfrfFD cell\">\n<section class=\"Va_ZoC\" data-hook=\"description-wrapper\">\n<div class=\"LvOu6J\">\n<div class=\"vaI0UH undefined\" data-hook=\"content-wrapper\">\n<h3 data-start=\"1051\" data-end=\"1116\">Vileda Professional Microfasertuch Quickstar Micro \u2013 Green<\/h3>\n<p data-start=\"1117\" data-end=\"1163\">Cloth size: approx. 38 \u00d7 40 cm, up to 95 \u00b0C washable<\/p>\n<ul data-start=\"1165\" data-end=\"1412\">\n<li data-start=\"1165\" data-end=\"1209\">\n<p data-start=\"1167\" data-end=\"1209\">Microfiber: 70% polyester, 30% polyamide<\/p>\n<\/li>\n<li data-start=\"1210\" data-end=\"1239\">\n<p data-start=\"1212\" data-end=\"1239\">Surface mass: 140 g\/m\u00b2<\/p>\n<\/li>\n<li data-start=\"1240\" data-end=\"1269\">\n<p data-start=\"1242\" data-end=\"1269\">Water absorption, dry: 440%<\/p>\n<\/li>\n<li data-start=\"1270\" data-end=\"1312\">\n<p data-start=\"1272\" data-end=\"1312\">Structured continuous microfiber<\/p>\n<\/li>\n<li data-start=\"1313\" data-end=\"1353\">\n<p data-start=\"1315\" data-end=\"1353\">Maximum washing temperature: 95 \u00b0C<\/p>\n<\/li>\n<li data-start=\"1354\" data-end=\"1412\">\n<p data-start=\"1356\" data-end=\"1412\">Sustainable \u2013 Effective \u2013 Efficient \u2013 Eco-friendly<\/p>\n<\/li>\n<\/ul>\n<hr data-start=\"1414\" data-end=\"1417\" \/>\n<p data-start=\"1419\" data-end=\"1739\">Discover Screen Clean \u2013 a 250ml screen cleaner, an innovative product that makes your screen clean and shiny in an instant. Manufactured from 100% recycled plastic and biologically degradable, this cleaner is not only environmentally friendly, but also extremely efficient. thanks to <strong data-start=\"1677\" data-end=\"1702\">anti-static effect<\/strong>, your screen stays longer without dust.<\/p>\n<p data-start=\"1741\" data-end=\"1933\" data-is-last-node=\"\" data-is-only-node=\"\">Screen Clean is extremely economical and rechargeable, making it a sustainable choice. Do something good for the environment and clean your screens with an environmentally friendly Screen Clean agent!<\/p>\n<\/div>\n<\/div>\n<\/section>\n<\/div>","protected":false},"excerpt":{"rendered":"<p data-start=\"31\" data-end=\"74\"><strong data-start=\"31\" data-end=\"74\">ScreenClean\u00a9 \u201cGreen Duo\u201d Screen Cleaner\u201d<\/strong><\/p>\n<p data-start=\"76\" data-end=\"154\">Highly efficient and highly economical premium screen cleaner for LCD\/TFT\/LED screens.<\/p>\n<p data-start=\"156\" data-end=\"253\">250ml pump spray bottles, including Vileda Professional microfiber cloth 38 \u00d7 40 cm, green<\/p>\n<ul data-start=\"255\" data-end=\"516\">\n<li data-start=\"255\" data-end=\"304\">\n<p data-start=\"257\" data-end=\"304\">Cleans sensitive screen surfaces<\/p>\n<\/li>\n<li data-start=\"305\" data-end=\"332\">\n<p data-start=\"307\" data-end=\"332\">with antistatic effect<\/p>\n<\/li>\n<li data-start=\"333\" data-end=\"355\">\n<p data-start=\"335\" data-end=\"355\">Biologically degradable<\/p>\n<\/li>\n<li data-start=\"356\" data-end=\"389\">\n<p data-start=\"358\" data-end=\"389\">R-PET bottles \u2013 recycled bottles<\/p>\n<\/li>\n<li data-start=\"390\" data-end=\"406\">\n<p data-start=\"392\" data-end=\"406\">alcohol-free<\/p>\n<\/li>\n<li data-start=\"407\" data-end=\"423\">\n<p data-start=\"409\" data-end=\"423\">It dries quickly<\/p>\n<\/li>\n<li data-start=\"424\" data-end=\"449\">\n<p data-start=\"426\" data-end=\"449\">Not a hazardous material<\/p>\n<\/li>\n<li data-start=\"450\" data-end=\"516\">\n<p data-start=\"452\" data-end=\"516\">Removes fingerprints, dust, dirt and other impurities<\/p>\n<\/li>\n<\/ul>\n<p data-start=\"518\" data-end=\"640\">Screen Clean \u2013 a highly efficient and economical premium screen cleaner for LCD\/TFT\/LED screens.<br data-start=\"606\" data-end=\"609\" \/>250 ml R-PET pump spray bottle.<\/p>\n<p data-start=\"642\" data-end=\"894\"><strong data-start=\"642\" data-end=\"657\">Ideal for:<\/strong> TV screens, tablets, laptops, smartphones, touch screens, media screens, optics, PC monitors, navigation, school digital screens, car screens, plasma screens and all smooth and sensitive screen surfaces.<\/p>\n<p data-start=\"896\" data-end=\"1044\">Removes stains, marks, fingerprints and other impurities from your screen.<br data-start=\"969\" data-end=\"972\" \/>Important: Follow the cleaning instructions specified by the device manufacturer.<\/p>","protected":false},"featured_media":1821,"comment_status":"open","ping_status":"closed","template":"","meta":{"_bst_post_transparent":"default","_bst_post_title":"","_bst_post_layout":"default","_bst_post_sidebar_id":"","_bst_post_content_style":"default","_bst_post_vertical_padding":"default","_bst_post_feature":"","_bst_post_feature_position":"","_bst_post_header":false,"_bst_post_footer":false},"product_brand":[105],"product_cat":[93,109,110],"product_tag":[],"product_brands":[],"class_list":{"0":"post-1756","1":"product","2":"type-product","3":"status-publish","4":"has-post-thumbnail","6":"product_brand-rogge","7":"product_cat-laptope","8":"product_cat-mobitele","9":"product_cat-tablete","11":"first","12":"instock","13":"taxable","14":"shipping-taxable","15":"purchasable","16":"product-type-simple","17":"entry","18":"content-bg","19":"loop-entry"},"supplier_id":null,"supplier_sku":"","barcode":null,"atum_controlled":true,"out_stock_date":null,"out_stock_threshold":null,"inheritable":false,"inbound_stock":0,"stock_on_hold":0,"sold_today":0,"sales_last_days":0,"reserved_stock":0,"customer_returns":0,"warehouse_damage":0,"lost_in_post":0,"other_logs":0,"out_stock_days":0,"lost_sales":0,"has_location":false,"update_date":"2026-04-09T01:19:14","atum_locations":[],"atum_stock_status":"instock","restock_status":false,"low_stock_amount":"","sales_update_date":"2026-04-09T01:19:14","calc_backorders":null,"yoast_head":"<!-- This site is optimized with the Yoast SEO plugin v26.5 - https:\/\/yoast.com\/wordpress\/plugins\/seo\/ -->\n<title>ScreenClean 250ml \u010cista\u010d zaslona 100% + vileda micro - Fuj \u010cisto<\/title>\n<meta name=\"description\" content=\"ScreenClean Cleaner, visoko u\u010dinkovit i ekonomi\u010dan premium sredstvo za \u010di\u0161\u0107enje zaslona LCD\/TFT\/LED zaslona. 1x 250ml r-PET Pumpspray boca\" \/>\n<meta name=\"robots\" content=\"index, follow, max-snippet:-1, max-image-preview:large, max-video-preview:-1\" \/>\n<link rel=\"canonical\" href=\"https:\/\/fujcisto.com\/en\/product\/screenclean-250ml-cistac-zaslona-100-vileda-micro\/\" \/>\n<meta property=\"og:locale\" content=\"en_US\" \/>\n<meta property=\"og:type\" content=\"article\" \/>\n<meta property=\"og:title\" content=\"ScreenClean 250ml \u010cista\u010d zaslona 100% + vileda micro - Fuj \u010cisto\" \/>\n<meta property=\"og:description\" content=\"ScreenClean Cleaner, visoko u\u010dinkovit i ekonomi\u010dan premium sredstvo za \u010di\u0161\u0107enje zaslona LCD\/TFT\/LED zaslona. 1x 250ml r-PET Pumpspray boca\" \/>\n<meta property=\"og:url\" content=\"https:\/\/fujcisto.com\/en\/product\/screenclean-250ml-cistac-zaslona-100-vileda-micro\/\" \/>\n<meta property=\"og:site_name\" content=\"Fuj \u010cisto\" \/>\n<meta property=\"article:modified_time\" content=\"2025-12-02T11:51:56+00:00\" \/>\n<meta property=\"og:image\" content=\"https:\/\/fujcisto.com\/wp-content\/uploads\/2025\/11\/ScreenClean-250ml-Cistac-zaslona-100-vileda-micro.jpg\" \/>\n\t<meta property=\"og:image:width\" content=\"649\" \/>\n\t<meta property=\"og:image:height\" content=\"447\" \/>\n\t<meta property=\"og:image:type\" content=\"image\/jpeg\" \/>\n<meta name=\"twitter:card\" content=\"summary_large_image\" \/>\n<meta name=\"twitter:label1\" content=\"Est. reading time\" \/>\n\t<meta name=\"twitter:data1\" content=\"1 minute\" \/>\n<script type=\"application\/ld+json\" class=\"yoast-schema-graph\">{\"@context\":\"https:\/\/schema.org\",\"@graph\":[{\"@type\":\"WebPage\",\"@id\":\"https:\/\/fujcisto.com\/proizvod\/screenclean-250ml-cistac-zaslona-100-vileda-micro\/\",\"url\":\"https:\/\/fujcisto.com\/proizvod\/screenclean-250ml-cistac-zaslona-100-vileda-micro\/\",\"name\":\"ScreenClean 250ml \u010cista\u010d zaslona 100% + vileda micro - Fuj \u010cisto\",\"isPartOf\":{\"@id\":\"https:\/\/fujcisto.com\/#website\"},\"primaryImageOfPage\":{\"@id\":\"https:\/\/fujcisto.com\/proizvod\/screenclean-250ml-cistac-zaslona-100-vileda-micro\/#primaryimage\"},\"image\":{\"@id\":\"https:\/\/fujcisto.com\/proizvod\/screenclean-250ml-cistac-zaslona-100-vileda-micro\/#primaryimage\"},\"thumbnailUrl\":\"https:\/\/fujcisto.com\/wp-content\/uploads\/2025\/11\/ScreenClean-250ml-Cistac-zaslona-100-vileda-micro.jpg\",\"datePublished\":\"2025-11-26T12:40:39+00:00\",\"dateModified\":\"2025-12-02T11:51:56+00:00\",\"description\":\"ScreenClean Cleaner, visoko u\u010dinkovit i ekonomi\u010dan premium sredstvo za \u010di\u0161\u0107enje zaslona LCD\/TFT\/LED zaslona. 1x 250ml r-PET Pumpspray boca\",\"breadcrumb\":{\"@id\":\"https:\/\/fujcisto.com\/proizvod\/screenclean-250ml-cistac-zaslona-100-vileda-micro\/#breadcrumb\"},\"inLanguage\":\"en-US\",\"potentialAction\":[{\"@type\":\"ReadAction\",\"target\":[\"https:\/\/fujcisto.com\/proizvod\/screenclean-250ml-cistac-zaslona-100-vileda-micro\/\"]}]},{\"@type\":\"ImageObject\",\"inLanguage\":\"en-US\",\"@id\":\"https:\/\/fujcisto.com\/proizvod\/screenclean-250ml-cistac-zaslona-100-vileda-micro\/#primaryimage\",\"url\":\"https:\/\/fujcisto.com\/wp-content\/uploads\/2025\/11\/ScreenClean-250ml-Cistac-zaslona-100-vileda-micro.jpg\",\"contentUrl\":\"https:\/\/fujcisto.com\/wp-content\/uploads\/2025\/11\/ScreenClean-250ml-Cistac-zaslona-100-vileda-micro.jpg\",\"width\":649,\"height\":447},{\"@type\":\"BreadcrumbList\",\"@id\":\"https:\/\/fujcisto.com\/proizvod\/screenclean-250ml-cistac-zaslona-100-vileda-micro\/#breadcrumb\",\"itemListElement\":[{\"@type\":\"ListItem\",\"position\":1,\"name\":\"Po\u010detna stranica\",\"item\":\"https:\/\/fujcisto.com\/\"},{\"@type\":\"ListItem\",\"position\":2,\"name\":\"Shop\",\"item\":\"https:\/\/fujcisto.com\/shop\/\"},{\"@type\":\"ListItem\",\"position\":3,\"name\":\"ScreenClean 250ml \u010cista\u010d zaslona 100% + vileda micro\"}]},{\"@type\":\"WebSite\",\"@id\":\"https:\/\/fujcisto.com\/#website\",\"url\":\"https:\/\/fujcisto.com\/\",\"name\":\"Fuj \u010cisto\",\"description\":\"Fuj nije opcija. O\u010disti pametno!\",\"publisher\":{\"@id\":\"https:\/\/fujcisto.com\/#organization\"},\"potentialAction\":[{\"@type\":\"SearchAction\",\"target\":{\"@type\":\"EntryPoint\",\"urlTemplate\":\"https:\/\/fujcisto.com\/?s={search_term_string}\"},\"query-input\":{\"@type\":\"PropertyValueSpecification\",\"valueRequired\":true,\"valueName\":\"search_term_string\"}}],\"inLanguage\":\"en-US\"},{\"@type\":\"Organization\",\"@id\":\"https:\/\/fujcisto.com\/#organization\",\"name\":\"Fuj \u010cisto\",\"url\":\"https:\/\/fujcisto.com\/\",\"logo\":{\"@type\":\"ImageObject\",\"inLanguage\":\"en-US\",\"@id\":\"https:\/\/fujcisto.com\/#\/schema\/logo\/image\/\",\"url\":\"https:\/\/fujcisto.com\/wp-content\/uploads\/2025\/06\/fujcisto-logo.svg\",\"contentUrl\":\"https:\/\/fujcisto.com\/wp-content\/uploads\/2025\/06\/fujcisto-logo.svg\",\"width\":100,\"height\":100,\"caption\":\"Fuj \u010cisto\"},\"image\":{\"@id\":\"https:\/\/fujcisto.com\/#\/schema\/logo\/image\/\"}}]}<\/script>\n<!-- \/ Yoast SEO plugin. -->","yoast_head_json":{"title":"ScreenClean 250ml \u010cista\u010d zaslona 100% + vileda micro - Fuj \u010cisto","description":"ScreenClean Cleaner, a highly efficient and cost-effective premium screen cleaner of LCD\/TFT\/LED screens. 1x 250ml R-PET PumpsPray bottle","robots":{"index":"index","follow":"follow","max-snippet":"max-snippet:-1","max-image-preview":"max-image-preview:large","max-video-preview":"max-video-preview:-1"},"canonical":"https:\/\/fujcisto.com\/en\/product\/screenclean-250ml-cistac-zaslona-100-vileda-micro\/","og_locale":"en_US","og_type":"article","og_title":"ScreenClean 250ml \u010cista\u010d zaslona 100% + vileda micro - Fuj \u010cisto","og_description":"ScreenClean Cleaner, visoko u\u010dinkovit i ekonomi\u010dan premium sredstvo za \u010di\u0161\u0107enje zaslona LCD\/TFT\/LED zaslona. 1x 250ml r-PET Pumpspray boca","og_url":"https:\/\/fujcisto.com\/en\/product\/screenclean-250ml-cistac-zaslona-100-vileda-micro\/","og_site_name":"Fuj \u010cisto","article_modified_time":"2025-12-02T11:51:56+00:00","og_image":[{"width":649,"height":447,"url":"https:\/\/fujcisto.com\/wp-content\/uploads\/2025\/11\/ScreenClean-250ml-Cistac-zaslona-100-vileda-micro.jpg","type":"image\/jpeg"}],"twitter_card":"summary_large_image","twitter_misc":{"Est. reading time":"1 minute"},"schema":{"@context":"https:\/\/schema.org","@graph":[{"@type":"WebPage","@id":"https:\/\/fujcisto.com\/proizvod\/screenclean-250ml-cistac-zaslona-100-vileda-micro\/","url":"https:\/\/fujcisto.com\/proizvod\/screenclean-250ml-cistac-zaslona-100-vileda-micro\/","name":"ScreenClean 250ml \u010cista\u010d zaslona 100% + vileda micro - Fuj \u010cisto","isPartOf":{"@id":"https:\/\/fujcisto.com\/#website"},"primaryImageOfPage":{"@id":"https:\/\/fujcisto.com\/proizvod\/screenclean-250ml-cistac-zaslona-100-vileda-micro\/#primaryimage"},"image":{"@id":"https:\/\/fujcisto.com\/proizvod\/screenclean-250ml-cistac-zaslona-100-vileda-micro\/#primaryimage"},"thumbnailUrl":"https:\/\/fujcisto.com\/wp-content\/uploads\/2025\/11\/ScreenClean-250ml-Cistac-zaslona-100-vileda-micro.jpg","datePublished":"2025-11-26T12:40:39+00:00","dateModified":"2025-12-02T11:51:56+00:00","description":"ScreenClean Cleaner, a highly efficient and cost-effective premium screen cleaner of LCD\/TFT\/LED screens. 1x 250ml R-PET PumpsPray bottle","breadcrumb":{"@id":"https:\/\/fujcisto.com\/proizvod\/screenclean-250ml-cistac-zaslona-100-vileda-micro\/#breadcrumb"},"inLanguage":"en-US","potentialAction":[{"@type":"ReadAction","target":["https:\/\/fujcisto.com\/proizvod\/screenclean-250ml-cistac-zaslona-100-vileda-micro\/"]}]},{"@type":"ImageObject","inLanguage":"en-US","@id":"https:\/\/fujcisto.com\/proizvod\/screenclean-250ml-cistac-zaslona-100-vileda-micro\/#primaryimage","url":"https:\/\/fujcisto.com\/wp-content\/uploads\/2025\/11\/ScreenClean-250ml-Cistac-zaslona-100-vileda-micro.jpg","contentUrl":"https:\/\/fujcisto.com\/wp-content\/uploads\/2025\/11\/ScreenClean-250ml-Cistac-zaslona-100-vileda-micro.jpg","width":649,"height":447},{"@type":"BreadcrumbList","@id":"https:\/\/fujcisto.com\/proizvod\/screenclean-250ml-cistac-zaslona-100-vileda-micro\/#breadcrumb","itemListElement":[{"@type":"ListItem","position":1,"name":"Po\u010detna stranica","item":"https:\/\/fujcisto.com\/"},{"@type":"ListItem","position":2,"name":"Shop","item":"https:\/\/fujcisto.com\/shop\/"},{"@type":"ListItem","position":3,"name":"ScreenClean 250ml \u010cista\u010d zaslona 100% + vileda micro"}]},{"@type":"WebSite","@id":"https:\/\/fujcisto.com\/#website","url":"https:\/\/fujcisto.com\/","name":"Phew, clean.","description":"ugh is not an option. Clean up smart!","publisher":{"@id":"https:\/\/fujcisto.com\/#organization"},"potentialAction":[{"@type":"SearchAction","target":{"@type":"EntryPoint","urlTemplate":"https:\/\/fujcisto.com\/?s={search_term_string}"},"query-input":{"@type":"PropertyValueSpecification","valueRequired":true,"valueName":"search_term_string"}}],"inLanguage":"en-US"},{"@type":"Organization","@id":"https:\/\/fujcisto.com\/#organization","name":"Phew, clean.","url":"https:\/\/fujcisto.com\/","logo":{"@type":"ImageObject","inLanguage":"en-US","@id":"https:\/\/fujcisto.com\/#\/schema\/logo\/image\/","url":"https:\/\/fujcisto.com\/wp-content\/uploads\/2025\/06\/fujcisto-logo.svg","contentUrl":"https:\/\/fujcisto.com\/wp-content\/uploads\/2025\/06\/fujcisto-logo.svg","width":100,"height":100,"caption":"Fuj \u010cisto"},"image":{"@id":"https:\/\/fujcisto.com\/#\/schema\/logo\/image\/"}}]}},"_links":{"self":[{"href":"https:\/\/fujcisto.com\/en\/wp-json\/wp\/v2\/product\/1756","targetHints":{"allow":["GET"]}}],"collection":[{"href":"https:\/\/fujcisto.com\/en\/wp-json\/wp\/v2\/product"}],"about":[{"href":"https:\/\/fujcisto.com\/en\/wp-json\/wp\/v2\/types\/product"}],"replies":[{"embeddable":true,"href":"https:\/\/fujcisto.com\/en\/wp-json\/wp\/v2\/comments?post=1756"}],"wp:featuredmedia":[{"embeddable":true,"href":"https:\/\/fujcisto.com\/en\/wp-json\/wp\/v2\/media\/1821"}],"wp:attachment":[{"href":"https:\/\/fujcisto.com\/en\/wp-json\/wp\/v2\/media?parent=1756"}],"wp:term":[{"taxonomy":"product_brand","embeddable":true,"href":"https:\/\/fujcisto.com\/en\/wp-json\/wp\/v2\/product_brand?post=1756"},{"taxonomy":"product_cat","embeddable":true,"href":"https:\/\/fujcisto.com\/en\/wp-json\/wp\/v2\/product_cat?post=1756"},{"taxonomy":"product_tag","embeddable":true,"href":"https:\/\/fujcisto.com\/en\/wp-json\/wp\/v2\/product_tag?post=1756"},{"taxonomy":"product_brands","embeddable":true,"href":"https:\/\/fujcisto.com\/en\/wp-json\/wp\/v2\/product_brands?post=1756"}],"curies":[{"name":"wp","href":"https:\/\/api.w.org\/{rel}","templated":true}]}}