{"id":1755,"date":"2025-11-26T12:36:56","date_gmt":"2025-11-26T12:36:56","guid":{"rendered":"https:\/\/fujcisto.com\/?post_type=product&#038;p=1755"},"modified":"2025-12-02T12:04:15","modified_gmt":"2025-12-02T12:04:15","slug":"screenclean-500ml-sredstvo-za-ciscenje-zaslona-2-mikrovlakana-green-duo","status":"publish","type":"product","link":"https:\/\/fujcisto.com\/en\/product\/screenclean-500ml-sredstvo-za-ciscenje-zaslona-2-mikrovlakana-green-duo\/","title":{"rendered":"ScreenClean 500ml Display Cleaner + 2 Microfibers Green Duo"},"content":{"rendered":"<div class=\"WAZqE7 QfrfFD cell\">\n<section class=\"Va_ZoC\" data-hook=\"description-wrapper\">\n<div class=\"LvOu6J\">\n<div class=\"vaI0UH undefined\" data-hook=\"content-wrapper\">\n<div>\n<div>\n<div>\n<div>\n<p><strong>ScreenClean ScreenCleaner, a highly efficient and cost-effective premium screen cleaner LCD\/TFT\/LED screen. 500ml pump bottle<\/strong><\/p>\n<ul>\n<li><strong>Clean your sensitive screen surfaces without stripes<\/strong><\/li>\n<li><strong>with antistatic effect<\/strong><\/li>\n<li><strong>biodegradable<\/strong><\/li>\n<li><strong>R-PET bottles \u2013 recycled bottles<\/strong><\/li>\n<li><strong>alcohol-free<\/strong><\/li>\n<li><strong>quick-drying<\/strong><\/li>\n<li><strong>No Hazardous Goods<\/strong><\/li>\n<li><strong>Eliminates fingerprints, dust, dirt and cleaning to sons<\/strong><\/li>\n<\/ul>\n<\/div>\n<div>\n<div><strong>Screen Clean, a very efficient and cost-effective premium screen cleaner LCD\/TFT\/LED screen. 500ml R-PET Pumpspray bottle<\/strong><\/div>\n<div>\n<div><strong>Ideal for: TV screens - tablet - notebook - smartphone - touch screens - media displays - optic - computer monitors - navigation - schools Digital Displays -<\/strong> <strong>Car screens -<\/strong><\/div>\n<div><strong>and all smooth and sensitive screen surfaces<\/strong><\/div>\n<div><\/div>\n<div><strong>Removes stripes, stripes, fingers and other impurities from the screen.<\/strong><\/div>\n<p><strong>Important: Follow the instructions for cleaning the device manufacturer.<\/strong><\/p>\n<p>Discover the 500ml screen cleaner, an innovative product that will make your screen clean and shiny in no time. Made from 100% recycled plastic and biodegradable, this cleaner is not only environmentally friendly, but also extremely efficient. With its Anti Statics Effect, it ensures that your screen stays dust-free longer. In addition, screen cleaning is very cost-effective in consumption and refill, making it a viable choice. Do something good for the environment and clean the screens with an environmentally friendly Screen Clean!<\/p>\n<\/div>\n<\/div>\n<\/div>\n<\/div>\n<\/div>\n<\/div>\n<\/div>\n<\/section>\n<\/div>","protected":false},"excerpt":{"rendered":"<p>ScreenClean ScreenCleaner, a highly efficient and cost-effective premium screen cleaner LCD\/TFT\/LED screen. 500ml bottle from the pump Clean your sensitive strip-free screen surfaces with antistatic effect biodegradable R-PET bottles \u2013 Recycled non-allocohol bottles Fast drying No dangerous goods eliminates fingerprints, dust, dirt and cleaning to sons Screen Clean, very efficient and economical premium...<\/p>","protected":false},"featured_media":1277,"comment_status":"open","ping_status":"closed","template":"","meta":{"_bst_post_transparent":"default","_bst_post_title":"","_bst_post_layout":"default","_bst_post_sidebar_id":"","_bst_post_content_style":"default","_bst_post_vertical_padding":"default","_bst_post_feature":"","_bst_post_feature_position":"","_bst_post_header":false,"_bst_post_footer":false},"product_brand":[105],"product_cat":[93],"product_tag":[],"product_brands":[],"class_list":{"0":"post-1755","1":"product","2":"type-product","3":"status-publish","4":"has-post-thumbnail","6":"product_brand-rogge","7":"product_cat-laptope","9":"first","10":"instock","11":"taxable","12":"shipping-taxable","13":"purchasable","14":"product-type-simple","15":"entry","16":"content-bg","17":"loop-entry"},"supplier_id":null,"supplier_sku":"","barcode":null,"atum_controlled":true,"out_stock_date":null,"out_stock_threshold":null,"inheritable":false,"inbound_stock":0,"stock_on_hold":0,"sold_today":0,"sales_last_days":0,"reserved_stock":0,"customer_returns":0,"warehouse_damage":0,"lost_in_post":0,"other_logs":0,"out_stock_days":0,"lost_sales":0,"has_location":false,"update_date":"2026-04-09T01:19:14","atum_locations":[],"atum_stock_status":"instock","restock_status":false,"low_stock_amount":"","sales_update_date":"2026-04-09T01:19:14","calc_backorders":null,"yoast_head":"<!-- This site is optimized with the Yoast SEO plugin v26.5 - https:\/\/yoast.com\/wordpress\/plugins\/seo\/ -->\n<title>ScreenClean 500ml sredstvo za \u010di\u0161\u0107enje zaslona + 2 mikrovlakana GREEN DUO - Fuj \u010cisto<\/title>\n<meta name=\"description\" content=\"ScreenClean ScreenCleaner, visoko u\u010dinkovit i ekonomi\u010dan premium sredstvo za \u010di\u0161\u0107enje zaslona LCD\/TFT\/LED zaslon. 500ml bo\u010dica s pumpa\" \/>\n<meta name=\"robots\" content=\"index, follow, max-snippet:-1, max-image-preview:large, max-video-preview:-1\" \/>\n<link rel=\"canonical\" href=\"https:\/\/fujcisto.com\/en\/product\/screenclean-500ml-sredstvo-za-ciscenje-zaslona-2-mikrovlakana-green-duo\/\" \/>\n<meta property=\"og:locale\" content=\"en_US\" \/>\n<meta property=\"og:type\" content=\"article\" \/>\n<meta property=\"og:title\" content=\"ScreenClean 500ml sredstvo za \u010di\u0161\u0107enje zaslona + 2 mikrovlakana GREEN DUO - Fuj \u010cisto\" \/>\n<meta property=\"og:description\" content=\"ScreenClean ScreenCleaner, visoko u\u010dinkovit i ekonomi\u010dan premium sredstvo za \u010di\u0161\u0107enje zaslona LCD\/TFT\/LED zaslon. 500ml bo\u010dica s pumpa\" \/>\n<meta property=\"og:url\" content=\"https:\/\/fujcisto.com\/en\/product\/screenclean-500ml-sredstvo-za-ciscenje-zaslona-2-mikrovlakana-green-duo\/\" \/>\n<meta property=\"og:site_name\" content=\"Fuj \u010cisto\" \/>\n<meta property=\"article:modified_time\" content=\"2025-12-02T12:04:15+00:00\" \/>\n<meta property=\"og:image\" content=\"https:\/\/fujcisto.com\/wp-content\/uploads\/2025\/07\/Rogee-ScreenClean-500ml.jpg\" \/>\n\t<meta property=\"og:image:width\" content=\"396\" \/>\n\t<meta property=\"og:image:height\" content=\"552\" \/>\n\t<meta property=\"og:image:type\" content=\"image\/jpeg\" \/>\n<meta name=\"twitter:card\" content=\"summary_large_image\" \/>\n<meta name=\"twitter:label1\" content=\"Est. reading time\" \/>\n\t<meta name=\"twitter:data1\" content=\"2 minutes\" \/>\n<script type=\"application\/ld+json\" class=\"yoast-schema-graph\">{\"@context\":\"https:\/\/schema.org\",\"@graph\":[{\"@type\":\"WebPage\",\"@id\":\"https:\/\/fujcisto.com\/proizvod\/screenclean-500ml-sredstvo-za-ciscenje-zaslona-2-mikrovlakana-green-duo\/\",\"url\":\"https:\/\/fujcisto.com\/proizvod\/screenclean-500ml-sredstvo-za-ciscenje-zaslona-2-mikrovlakana-green-duo\/\",\"name\":\"ScreenClean 500ml sredstvo za \u010di\u0161\u0107enje zaslona + 2 mikrovlakana GREEN DUO - Fuj \u010cisto\",\"isPartOf\":{\"@id\":\"https:\/\/fujcisto.com\/#website\"},\"primaryImageOfPage\":{\"@id\":\"https:\/\/fujcisto.com\/proizvod\/screenclean-500ml-sredstvo-za-ciscenje-zaslona-2-mikrovlakana-green-duo\/#primaryimage\"},\"image\":{\"@id\":\"https:\/\/fujcisto.com\/proizvod\/screenclean-500ml-sredstvo-za-ciscenje-zaslona-2-mikrovlakana-green-duo\/#primaryimage\"},\"thumbnailUrl\":\"https:\/\/fujcisto.com\/wp-content\/uploads\/2025\/07\/Rogee-ScreenClean-500ml.jpg\",\"datePublished\":\"2025-11-26T12:36:56+00:00\",\"dateModified\":\"2025-12-02T12:04:15+00:00\",\"description\":\"ScreenClean ScreenCleaner, visoko u\u010dinkovit i ekonomi\u010dan premium sredstvo za \u010di\u0161\u0107enje zaslona LCD\/TFT\/LED zaslon. 500ml bo\u010dica s pumpa\",\"breadcrumb\":{\"@id\":\"https:\/\/fujcisto.com\/proizvod\/screenclean-500ml-sredstvo-za-ciscenje-zaslona-2-mikrovlakana-green-duo\/#breadcrumb\"},\"inLanguage\":\"en-US\",\"potentialAction\":[{\"@type\":\"ReadAction\",\"target\":[\"https:\/\/fujcisto.com\/proizvod\/screenclean-500ml-sredstvo-za-ciscenje-zaslona-2-mikrovlakana-green-duo\/\"]}]},{\"@type\":\"ImageObject\",\"inLanguage\":\"en-US\",\"@id\":\"https:\/\/fujcisto.com\/proizvod\/screenclean-500ml-sredstvo-za-ciscenje-zaslona-2-mikrovlakana-green-duo\/#primaryimage\",\"url\":\"https:\/\/fujcisto.com\/wp-content\/uploads\/2025\/07\/Rogee-ScreenClean-500ml.jpg\",\"contentUrl\":\"https:\/\/fujcisto.com\/wp-content\/uploads\/2025\/07\/Rogee-ScreenClean-500ml.jpg\",\"width\":396,\"height\":552,\"caption\":\"Rogee ScreenClean 500ml\"},{\"@type\":\"BreadcrumbList\",\"@id\":\"https:\/\/fujcisto.com\/proizvod\/screenclean-500ml-sredstvo-za-ciscenje-zaslona-2-mikrovlakana-green-duo\/#breadcrumb\",\"itemListElement\":[{\"@type\":\"ListItem\",\"position\":1,\"name\":\"Po\u010detna stranica\",\"item\":\"https:\/\/fujcisto.com\/\"},{\"@type\":\"ListItem\",\"position\":2,\"name\":\"Shop\",\"item\":\"https:\/\/fujcisto.com\/shop\/\"},{\"@type\":\"ListItem\",\"position\":3,\"name\":\"ScreenClean 500ml sredstvo za \u010di\u0161\u0107enje zaslona + 2 mikrovlakana GREEN DUO\"}]},{\"@type\":\"WebSite\",\"@id\":\"https:\/\/fujcisto.com\/#website\",\"url\":\"https:\/\/fujcisto.com\/\",\"name\":\"Fuj \u010cisto\",\"description\":\"Fuj nije opcija. O\u010disti pametno!\",\"publisher\":{\"@id\":\"https:\/\/fujcisto.com\/#organization\"},\"potentialAction\":[{\"@type\":\"SearchAction\",\"target\":{\"@type\":\"EntryPoint\",\"urlTemplate\":\"https:\/\/fujcisto.com\/?s={search_term_string}\"},\"query-input\":{\"@type\":\"PropertyValueSpecification\",\"valueRequired\":true,\"valueName\":\"search_term_string\"}}],\"inLanguage\":\"en-US\"},{\"@type\":\"Organization\",\"@id\":\"https:\/\/fujcisto.com\/#organization\",\"name\":\"Fuj \u010cisto\",\"url\":\"https:\/\/fujcisto.com\/\",\"logo\":{\"@type\":\"ImageObject\",\"inLanguage\":\"en-US\",\"@id\":\"https:\/\/fujcisto.com\/#\/schema\/logo\/image\/\",\"url\":\"https:\/\/fujcisto.com\/wp-content\/uploads\/2025\/06\/fujcisto-logo.svg\",\"contentUrl\":\"https:\/\/fujcisto.com\/wp-content\/uploads\/2025\/06\/fujcisto-logo.svg\",\"width\":100,\"height\":100,\"caption\":\"Fuj \u010cisto\"},\"image\":{\"@id\":\"https:\/\/fujcisto.com\/#\/schema\/logo\/image\/\"}}]}<\/script>\n<!-- \/ Yoast SEO plugin. -->","yoast_head_json":{"title":"ScreenClean 500ml sredstvo za \u010di\u0161\u0107enje zaslona + 2 mikrovlakana GREEN DUO - Fuj \u010cisto","description":"ScreenClean ScreenCleaner, a highly efficient and cost-effective premium screen cleaner LCD\/TFT\/LED screen. 500ml pump bottle","robots":{"index":"index","follow":"follow","max-snippet":"max-snippet:-1","max-image-preview":"max-image-preview:large","max-video-preview":"max-video-preview:-1"},"canonical":"https:\/\/fujcisto.com\/en\/product\/screenclean-500ml-sredstvo-za-ciscenje-zaslona-2-mikrovlakana-green-duo\/","og_locale":"en_US","og_type":"article","og_title":"ScreenClean 500ml sredstvo za \u010di\u0161\u0107enje zaslona + 2 mikrovlakana GREEN DUO - Fuj \u010cisto","og_description":"ScreenClean ScreenCleaner, visoko u\u010dinkovit i ekonomi\u010dan premium sredstvo za \u010di\u0161\u0107enje zaslona LCD\/TFT\/LED zaslon. 500ml bo\u010dica s pumpa","og_url":"https:\/\/fujcisto.com\/en\/product\/screenclean-500ml-sredstvo-za-ciscenje-zaslona-2-mikrovlakana-green-duo\/","og_site_name":"Fuj \u010cisto","article_modified_time":"2025-12-02T12:04:15+00:00","og_image":[{"width":396,"height":552,"url":"https:\/\/fujcisto.com\/wp-content\/uploads\/2025\/07\/Rogee-ScreenClean-500ml.jpg","type":"image\/jpeg"}],"twitter_card":"summary_large_image","twitter_misc":{"Est. reading time":"2 minutes"},"schema":{"@context":"https:\/\/schema.org","@graph":[{"@type":"WebPage","@id":"https:\/\/fujcisto.com\/proizvod\/screenclean-500ml-sredstvo-za-ciscenje-zaslona-2-mikrovlakana-green-duo\/","url":"https:\/\/fujcisto.com\/proizvod\/screenclean-500ml-sredstvo-za-ciscenje-zaslona-2-mikrovlakana-green-duo\/","name":"ScreenClean 500ml sredstvo za \u010di\u0161\u0107enje zaslona + 2 mikrovlakana GREEN DUO - Fuj \u010cisto","isPartOf":{"@id":"https:\/\/fujcisto.com\/#website"},"primaryImageOfPage":{"@id":"https:\/\/fujcisto.com\/proizvod\/screenclean-500ml-sredstvo-za-ciscenje-zaslona-2-mikrovlakana-green-duo\/#primaryimage"},"image":{"@id":"https:\/\/fujcisto.com\/proizvod\/screenclean-500ml-sredstvo-za-ciscenje-zaslona-2-mikrovlakana-green-duo\/#primaryimage"},"thumbnailUrl":"https:\/\/fujcisto.com\/wp-content\/uploads\/2025\/07\/Rogee-ScreenClean-500ml.jpg","datePublished":"2025-11-26T12:36:56+00:00","dateModified":"2025-12-02T12:04:15+00:00","description":"ScreenClean ScreenCleaner, a highly efficient and cost-effective premium screen cleaner LCD\/TFT\/LED screen. 500ml pump bottle","breadcrumb":{"@id":"https:\/\/fujcisto.com\/proizvod\/screenclean-500ml-sredstvo-za-ciscenje-zaslona-2-mikrovlakana-green-duo\/#breadcrumb"},"inLanguage":"en-US","potentialAction":[{"@type":"ReadAction","target":["https:\/\/fujcisto.com\/proizvod\/screenclean-500ml-sredstvo-za-ciscenje-zaslona-2-mikrovlakana-green-duo\/"]}]},{"@type":"ImageObject","inLanguage":"en-US","@id":"https:\/\/fujcisto.com\/proizvod\/screenclean-500ml-sredstvo-za-ciscenje-zaslona-2-mikrovlakana-green-duo\/#primaryimage","url":"https:\/\/fujcisto.com\/wp-content\/uploads\/2025\/07\/Rogee-ScreenClean-500ml.jpg","contentUrl":"https:\/\/fujcisto.com\/wp-content\/uploads\/2025\/07\/Rogee-ScreenClean-500ml.jpg","width":396,"height":552,"caption":"Rogee ScreenClean 500ml"},{"@type":"BreadcrumbList","@id":"https:\/\/fujcisto.com\/proizvod\/screenclean-500ml-sredstvo-za-ciscenje-zaslona-2-mikrovlakana-green-duo\/#breadcrumb","itemListElement":[{"@type":"ListItem","position":1,"name":"Po\u010detna stranica","item":"https:\/\/fujcisto.com\/"},{"@type":"ListItem","position":2,"name":"Shop","item":"https:\/\/fujcisto.com\/shop\/"},{"@type":"ListItem","position":3,"name":"ScreenClean 500ml sredstvo za \u010di\u0161\u0107enje zaslona + 2 mikrovlakana GREEN DUO"}]},{"@type":"WebSite","@id":"https:\/\/fujcisto.com\/#website","url":"https:\/\/fujcisto.com\/","name":"Phew, clean.","description":"ugh is not an option. Clean up smart!","publisher":{"@id":"https:\/\/fujcisto.com\/#organization"},"potentialAction":[{"@type":"SearchAction","target":{"@type":"EntryPoint","urlTemplate":"https:\/\/fujcisto.com\/?s={search_term_string}"},"query-input":{"@type":"PropertyValueSpecification","valueRequired":true,"valueName":"search_term_string"}}],"inLanguage":"en-US"},{"@type":"Organization","@id":"https:\/\/fujcisto.com\/#organization","name":"Phew, clean.","url":"https:\/\/fujcisto.com\/","logo":{"@type":"ImageObject","inLanguage":"en-US","@id":"https:\/\/fujcisto.com\/#\/schema\/logo\/image\/","url":"https:\/\/fujcisto.com\/wp-content\/uploads\/2025\/06\/fujcisto-logo.svg","contentUrl":"https:\/\/fujcisto.com\/wp-content\/uploads\/2025\/06\/fujcisto-logo.svg","width":100,"height":100,"caption":"Fuj \u010cisto"},"image":{"@id":"https:\/\/fujcisto.com\/#\/schema\/logo\/image\/"}}]}},"_links":{"self":[{"href":"https:\/\/fujcisto.com\/en\/wp-json\/wp\/v2\/product\/1755","targetHints":{"allow":["GET"]}}],"collection":[{"href":"https:\/\/fujcisto.com\/en\/wp-json\/wp\/v2\/product"}],"about":[{"href":"https:\/\/fujcisto.com\/en\/wp-json\/wp\/v2\/types\/product"}],"replies":[{"embeddable":true,"href":"https:\/\/fujcisto.com\/en\/wp-json\/wp\/v2\/comments?post=1755"}],"wp:featuredmedia":[{"embeddable":true,"href":"https:\/\/fujcisto.com\/en\/wp-json\/wp\/v2\/media\/1277"}],"wp:attachment":[{"href":"https:\/\/fujcisto.com\/en\/wp-json\/wp\/v2\/media?parent=1755"}],"wp:term":[{"taxonomy":"product_brand","embeddable":true,"href":"https:\/\/fujcisto.com\/en\/wp-json\/wp\/v2\/product_brand?post=1755"},{"taxonomy":"product_cat","embeddable":true,"href":"https:\/\/fujcisto.com\/en\/wp-json\/wp\/v2\/product_cat?post=1755"},{"taxonomy":"product_tag","embeddable":true,"href":"https:\/\/fujcisto.com\/en\/wp-json\/wp\/v2\/product_tag?post=1755"},{"taxonomy":"product_brands","embeddable":true,"href":"https:\/\/fujcisto.com\/en\/wp-json\/wp\/v2\/product_brands?post=1755"}],"curies":[{"name":"wp","href":"https:\/\/api.w.org\/{rel}","templated":true}]}}