{"id":1753,"date":"2025-11-26T12:20:48","date_gmt":"2025-11-26T12:20:48","guid":{"rendered":"https:\/\/fujcisto.com\/?post_type=product&#038;p=1753"},"modified":"2025-12-02T11:57:46","modified_gmt":"2025-12-02T11:57:46","slug":"rogge-kunststoff-pc-sredstvo-za-ciscenje-250ml","status":"publish","type":"product","link":"https:\/\/fujcisto.com\/en\/product\/rogge-kunststoff-pc-sredstvo-za-ciscenje-250ml\/","title":{"rendered":"Rogge Kunststoff + PC cleaner 250ml"},"content":{"rendered":"<p data-start=\"461\" data-end=\"486\"><strong data-start=\"461\" data-end=\"484\">Microfiber composition:<\/strong><\/p>\n<ul data-start=\"487\" data-end=\"541\" data-is-last-node=\"\" data-is-only-node=\"\">\n<li data-start=\"487\" data-end=\"541\" data-is-last-node=\"\">\n<p data-start=\"489\" data-end=\"541\" data-is-last-node=\"\">70% polyester-micro- tile + 30% polyamide-micro-<\/p>\n<\/li>\n<\/ul>","protected":false},"excerpt":{"rendered":"<p data-start=\"35\" data-end=\"188\"><strong data-start=\"35\" data-end=\"74\">Gentle cleaner surface without alcohol<\/strong> For daily plastic cleaning. Specially developed as a plastic cleaner for computer housings and peripherals.<\/p>\n<ul data-start=\"190\" data-end=\"304\">\n<li data-start=\"190\" data-end=\"247\">\n<p data-start=\"192\" data-end=\"247\">250 ml PE bottle with pump, refill possible<\/p>\n<\/li>\n<li data-start=\"248\" data-end=\"287\">\n<p data-start=\"250\" data-end=\"287\">Gentle cleaner surface without alcohol<\/p>\n<\/li>\n<li data-start=\"288\" data-end=\"304\">\n<p data-start=\"290\" data-end=\"304\">A new formula<\/p>\n<\/li>\n<\/ul>\n<p data-start=\"306\" data-end=\"320\"><strong data-start=\"306\" data-end=\"318\">purpose:<\/strong><\/p>\n<ul data-start=\"321\" data-end=\"459\">\n<li data-start=\"321\" data-end=\"366\">\n<p data-start=\"323\" data-end=\"366\">For IT and office machine housings<\/p>\n<\/li>\n<li data-start=\"367\" data-end=\"406\">\n<p data-start=\"369\" data-end=\"406\">Not suitable for LCD or LED displays<\/p>\n<\/li>\n<li data-start=\"407\" data-end=\"459\">\n<p data-start=\"409\" data-end=\"459\">Always use rags that don't leave lints<\/p>\n<\/li>\n<\/ul>","protected":false},"featured_media":1828,"comment_status":"open","ping_status":"closed","template":"","meta":{"_bst_post_transparent":"default","_bst_post_title":"","_bst_post_layout":"default","_bst_post_sidebar_id":"","_bst_post_content_style":"default","_bst_post_vertical_padding":"default","_bst_post_feature":"","_bst_post_feature_position":"","_bst_post_header":false,"_bst_post_footer":false},"product_brand":[105],"product_cat":[93,111],"product_tag":[],"product_brands":[],"class_list":{"0":"post-1753","1":"product","2":"type-product","3":"status-publish","4":"has-post-thumbnail","6":"product_brand-rogge","7":"product_cat-laptope","8":"product_cat-racunala","10":"first","11":"instock","12":"taxable","13":"shipping-taxable","14":"purchasable","15":"product-type-simple","16":"entry","17":"content-bg","18":"loop-entry"},"supplier_id":null,"supplier_sku":"","barcode":null,"atum_controlled":true,"out_stock_date":null,"out_stock_threshold":null,"inheritable":false,"inbound_stock":0,"stock_on_hold":0,"sold_today":0,"sales_last_days":0,"reserved_stock":0,"customer_returns":0,"warehouse_damage":0,"lost_in_post":0,"other_logs":0,"out_stock_days":0,"lost_sales":0,"has_location":false,"update_date":"2026-04-05T01:18:11","atum_locations":[],"atum_stock_status":"instock","restock_status":false,"low_stock_amount":"","sales_update_date":"2026-04-05T01:18:11","calc_backorders":null,"yoast_head":"<!-- This site is optimized with the Yoast SEO plugin v26.5 - https:\/\/yoast.com\/wordpress\/plugins\/seo\/ -->\n<title>ROGGE Kunststoff + PC sredstvo za \u010di\u0161\u0107enje 250ml - Fuj \u010cisto<\/title>\n<meta name=\"robots\" content=\"index, follow, max-snippet:-1, max-image-preview:large, max-video-preview:-1\" \/>\n<link rel=\"canonical\" href=\"https:\/\/fujcisto.com\/en\/product\/rogge-kunststoff-pc-sredstvo-za-ciscenje-250ml\/\" \/>\n<meta property=\"og:locale\" content=\"en_US\" \/>\n<meta property=\"og:type\" content=\"article\" \/>\n<meta property=\"og:title\" content=\"ROGGE Kunststoff + PC sredstvo za \u010di\u0161\u0107enje 250ml - Fuj \u010cisto\" \/>\n<meta property=\"og:description\" content=\"Nje\u017eni \u010dista\u010d povr\u0161ina bez alkohola za svakodnevno \u010di\u0161\u0107enje plastike. Posebno razvijen kao \u010dista\u010d plastike za ku\u0107i\u0161ta ra\u010dunala i periferne ure\u0111aje.     250 ml PE bo\u010dica sa pumpicom, mogu\u0107e ponovno punjenje    Nje\u017eni \u010dista\u010d povr\u0161ina bez alkohola    Nova formula   Namjena:     Za ku\u0107i\u0161ta IT ure\u0111aja i uredskih strojeva    Nije pogodan za LCD ili LED zaslone    Uvijek koristiti krpe koje ne ostavljaju dla\u010dice\" \/>\n<meta property=\"og:url\" content=\"https:\/\/fujcisto.com\/en\/product\/rogge-kunststoff-pc-sredstvo-za-ciscenje-250ml\/\" \/>\n<meta property=\"og:site_name\" content=\"Fuj \u010cisto\" \/>\n<meta property=\"article:modified_time\" content=\"2025-12-02T11:57:46+00:00\" \/>\n<meta property=\"og:image\" content=\"https:\/\/fujcisto.com\/wp-content\/uploads\/2025\/11\/ROGGE-Kunststoff-PC-sredstvo-za-ciscenje-250ml.png\" \/>\n\t<meta property=\"og:image:width\" content=\"416\" \/>\n\t<meta property=\"og:image:height\" content=\"447\" \/>\n\t<meta property=\"og:image:type\" content=\"image\/png\" \/>\n<meta name=\"twitter:card\" content=\"summary_large_image\" \/>\n<meta name=\"twitter:label1\" content=\"Est. reading time\" \/>\n\t<meta name=\"twitter:data1\" content=\"1 minute\" \/>\n<script type=\"application\/ld+json\" class=\"yoast-schema-graph\">{\"@context\":\"https:\/\/schema.org\",\"@graph\":[{\"@type\":\"WebPage\",\"@id\":\"https:\/\/fujcisto.com\/proizvod\/rogge-kunststoff-pc-sredstvo-za-ciscenje-250ml\/\",\"url\":\"https:\/\/fujcisto.com\/proizvod\/rogge-kunststoff-pc-sredstvo-za-ciscenje-250ml\/\",\"name\":\"ROGGE Kunststoff + PC sredstvo za \u010di\u0161\u0107enje 250ml - Fuj \u010cisto\",\"isPartOf\":{\"@id\":\"https:\/\/fujcisto.com\/#website\"},\"primaryImageOfPage\":{\"@id\":\"https:\/\/fujcisto.com\/proizvod\/rogge-kunststoff-pc-sredstvo-za-ciscenje-250ml\/#primaryimage\"},\"image\":{\"@id\":\"https:\/\/fujcisto.com\/proizvod\/rogge-kunststoff-pc-sredstvo-za-ciscenje-250ml\/#primaryimage\"},\"thumbnailUrl\":\"https:\/\/fujcisto.com\/wp-content\/uploads\/2025\/11\/ROGGE-Kunststoff-PC-sredstvo-za-ciscenje-250ml.png\",\"datePublished\":\"2025-11-26T12:20:48+00:00\",\"dateModified\":\"2025-12-02T11:57:46+00:00\",\"breadcrumb\":{\"@id\":\"https:\/\/fujcisto.com\/proizvod\/rogge-kunststoff-pc-sredstvo-za-ciscenje-250ml\/#breadcrumb\"},\"inLanguage\":\"en-US\",\"potentialAction\":[{\"@type\":\"ReadAction\",\"target\":[\"https:\/\/fujcisto.com\/proizvod\/rogge-kunststoff-pc-sredstvo-za-ciscenje-250ml\/\"]}]},{\"@type\":\"ImageObject\",\"inLanguage\":\"en-US\",\"@id\":\"https:\/\/fujcisto.com\/proizvod\/rogge-kunststoff-pc-sredstvo-za-ciscenje-250ml\/#primaryimage\",\"url\":\"https:\/\/fujcisto.com\/wp-content\/uploads\/2025\/11\/ROGGE-Kunststoff-PC-sredstvo-za-ciscenje-250ml.png\",\"contentUrl\":\"https:\/\/fujcisto.com\/wp-content\/uploads\/2025\/11\/ROGGE-Kunststoff-PC-sredstvo-za-ciscenje-250ml.png\",\"width\":416,\"height\":447},{\"@type\":\"BreadcrumbList\",\"@id\":\"https:\/\/fujcisto.com\/proizvod\/rogge-kunststoff-pc-sredstvo-za-ciscenje-250ml\/#breadcrumb\",\"itemListElement\":[{\"@type\":\"ListItem\",\"position\":1,\"name\":\"Po\u010detna stranica\",\"item\":\"https:\/\/fujcisto.com\/\"},{\"@type\":\"ListItem\",\"position\":2,\"name\":\"Shop\",\"item\":\"https:\/\/fujcisto.com\/shop\/\"},{\"@type\":\"ListItem\",\"position\":3,\"name\":\"ROGGE Kunststoff + PC sredstvo za \u010di\u0161\u0107enje 250ml\"}]},{\"@type\":\"WebSite\",\"@id\":\"https:\/\/fujcisto.com\/#website\",\"url\":\"https:\/\/fujcisto.com\/\",\"name\":\"Fuj \u010cisto\",\"description\":\"Fuj nije opcija. O\u010disti pametno!\",\"publisher\":{\"@id\":\"https:\/\/fujcisto.com\/#organization\"},\"potentialAction\":[{\"@type\":\"SearchAction\",\"target\":{\"@type\":\"EntryPoint\",\"urlTemplate\":\"https:\/\/fujcisto.com\/?s={search_term_string}\"},\"query-input\":{\"@type\":\"PropertyValueSpecification\",\"valueRequired\":true,\"valueName\":\"search_term_string\"}}],\"inLanguage\":\"en-US\"},{\"@type\":\"Organization\",\"@id\":\"https:\/\/fujcisto.com\/#organization\",\"name\":\"Fuj \u010cisto\",\"url\":\"https:\/\/fujcisto.com\/\",\"logo\":{\"@type\":\"ImageObject\",\"inLanguage\":\"en-US\",\"@id\":\"https:\/\/fujcisto.com\/#\/schema\/logo\/image\/\",\"url\":\"https:\/\/fujcisto.com\/wp-content\/uploads\/2025\/06\/fujcisto-logo.svg\",\"contentUrl\":\"https:\/\/fujcisto.com\/wp-content\/uploads\/2025\/06\/fujcisto-logo.svg\",\"width\":100,\"height\":100,\"caption\":\"Fuj \u010cisto\"},\"image\":{\"@id\":\"https:\/\/fujcisto.com\/#\/schema\/logo\/image\/\"}}]}<\/script>\n<!-- \/ Yoast SEO plugin. -->","yoast_head_json":{"title":"ROGGE Kunststoff + PC sredstvo za \u010di\u0161\u0107enje 250ml - Fuj \u010cisto","robots":{"index":"index","follow":"follow","max-snippet":"max-snippet:-1","max-image-preview":"max-image-preview:large","max-video-preview":"max-video-preview:-1"},"canonical":"https:\/\/fujcisto.com\/en\/product\/rogge-kunststoff-pc-sredstvo-za-ciscenje-250ml\/","og_locale":"en_US","og_type":"article","og_title":"ROGGE Kunststoff + PC sredstvo za \u010di\u0161\u0107enje 250ml - Fuj \u010cisto","og_description":"Nje\u017eni \u010dista\u010d povr\u0161ina bez alkohola za svakodnevno \u010di\u0161\u0107enje plastike. Posebno razvijen kao \u010dista\u010d plastike za ku\u0107i\u0161ta ra\u010dunala i periferne ure\u0111aje.     250 ml PE bo\u010dica sa pumpicom, mogu\u0107e ponovno punjenje    Nje\u017eni \u010dista\u010d povr\u0161ina bez alkohola    Nova formula   Namjena:     Za ku\u0107i\u0161ta IT ure\u0111aja i uredskih strojeva    Nije pogodan za LCD ili LED zaslone    Uvijek koristiti krpe koje ne ostavljaju dla\u010dice","og_url":"https:\/\/fujcisto.com\/en\/product\/rogge-kunststoff-pc-sredstvo-za-ciscenje-250ml\/","og_site_name":"Fuj \u010cisto","article_modified_time":"2025-12-02T11:57:46+00:00","og_image":[{"width":416,"height":447,"url":"https:\/\/fujcisto.com\/wp-content\/uploads\/2025\/11\/ROGGE-Kunststoff-PC-sredstvo-za-ciscenje-250ml.png","type":"image\/png"}],"twitter_card":"summary_large_image","twitter_misc":{"Est. reading time":"1 minute"},"schema":{"@context":"https:\/\/schema.org","@graph":[{"@type":"WebPage","@id":"https:\/\/fujcisto.com\/proizvod\/rogge-kunststoff-pc-sredstvo-za-ciscenje-250ml\/","url":"https:\/\/fujcisto.com\/proizvod\/rogge-kunststoff-pc-sredstvo-za-ciscenje-250ml\/","name":"ROGGE Kunststoff + PC sredstvo za \u010di\u0161\u0107enje 250ml - Fuj \u010cisto","isPartOf":{"@id":"https:\/\/fujcisto.com\/#website"},"primaryImageOfPage":{"@id":"https:\/\/fujcisto.com\/proizvod\/rogge-kunststoff-pc-sredstvo-za-ciscenje-250ml\/#primaryimage"},"image":{"@id":"https:\/\/fujcisto.com\/proizvod\/rogge-kunststoff-pc-sredstvo-za-ciscenje-250ml\/#primaryimage"},"thumbnailUrl":"https:\/\/fujcisto.com\/wp-content\/uploads\/2025\/11\/ROGGE-Kunststoff-PC-sredstvo-za-ciscenje-250ml.png","datePublished":"2025-11-26T12:20:48+00:00","dateModified":"2025-12-02T11:57:46+00:00","breadcrumb":{"@id":"https:\/\/fujcisto.com\/proizvod\/rogge-kunststoff-pc-sredstvo-za-ciscenje-250ml\/#breadcrumb"},"inLanguage":"en-US","potentialAction":[{"@type":"ReadAction","target":["https:\/\/fujcisto.com\/proizvod\/rogge-kunststoff-pc-sredstvo-za-ciscenje-250ml\/"]}]},{"@type":"ImageObject","inLanguage":"en-US","@id":"https:\/\/fujcisto.com\/proizvod\/rogge-kunststoff-pc-sredstvo-za-ciscenje-250ml\/#primaryimage","url":"https:\/\/fujcisto.com\/wp-content\/uploads\/2025\/11\/ROGGE-Kunststoff-PC-sredstvo-za-ciscenje-250ml.png","contentUrl":"https:\/\/fujcisto.com\/wp-content\/uploads\/2025\/11\/ROGGE-Kunststoff-PC-sredstvo-za-ciscenje-250ml.png","width":416,"height":447},{"@type":"BreadcrumbList","@id":"https:\/\/fujcisto.com\/proizvod\/rogge-kunststoff-pc-sredstvo-za-ciscenje-250ml\/#breadcrumb","itemListElement":[{"@type":"ListItem","position":1,"name":"Po\u010detna stranica","item":"https:\/\/fujcisto.com\/"},{"@type":"ListItem","position":2,"name":"Shop","item":"https:\/\/fujcisto.com\/shop\/"},{"@type":"ListItem","position":3,"name":"ROGGE Kunststoff + PC sredstvo za \u010di\u0161\u0107enje 250ml"}]},{"@type":"WebSite","@id":"https:\/\/fujcisto.com\/#website","url":"https:\/\/fujcisto.com\/","name":"Phew, clean.","description":"ugh is not an option. Clean up smart!","publisher":{"@id":"https:\/\/fujcisto.com\/#organization"},"potentialAction":[{"@type":"SearchAction","target":{"@type":"EntryPoint","urlTemplate":"https:\/\/fujcisto.com\/?s={search_term_string}"},"query-input":{"@type":"PropertyValueSpecification","valueRequired":true,"valueName":"search_term_string"}}],"inLanguage":"en-US"},{"@type":"Organization","@id":"https:\/\/fujcisto.com\/#organization","name":"Phew, clean.","url":"https:\/\/fujcisto.com\/","logo":{"@type":"ImageObject","inLanguage":"en-US","@id":"https:\/\/fujcisto.com\/#\/schema\/logo\/image\/","url":"https:\/\/fujcisto.com\/wp-content\/uploads\/2025\/06\/fujcisto-logo.svg","contentUrl":"https:\/\/fujcisto.com\/wp-content\/uploads\/2025\/06\/fujcisto-logo.svg","width":100,"height":100,"caption":"Fuj \u010cisto"},"image":{"@id":"https:\/\/fujcisto.com\/#\/schema\/logo\/image\/"}}]}},"_links":{"self":[{"href":"https:\/\/fujcisto.com\/en\/wp-json\/wp\/v2\/product\/1753","targetHints":{"allow":["GET"]}}],"collection":[{"href":"https:\/\/fujcisto.com\/en\/wp-json\/wp\/v2\/product"}],"about":[{"href":"https:\/\/fujcisto.com\/en\/wp-json\/wp\/v2\/types\/product"}],"replies":[{"embeddable":true,"href":"https:\/\/fujcisto.com\/en\/wp-json\/wp\/v2\/comments?post=1753"}],"wp:featuredmedia":[{"embeddable":true,"href":"https:\/\/fujcisto.com\/en\/wp-json\/wp\/v2\/media\/1828"}],"wp:attachment":[{"href":"https:\/\/fujcisto.com\/en\/wp-json\/wp\/v2\/media?parent=1753"}],"wp:term":[{"taxonomy":"product_brand","embeddable":true,"href":"https:\/\/fujcisto.com\/en\/wp-json\/wp\/v2\/product_brand?post=1753"},{"taxonomy":"product_cat","embeddable":true,"href":"https:\/\/fujcisto.com\/en\/wp-json\/wp\/v2\/product_cat?post=1753"},{"taxonomy":"product_tag","embeddable":true,"href":"https:\/\/fujcisto.com\/en\/wp-json\/wp\/v2\/product_tag?post=1753"},{"taxonomy":"product_brands","embeddable":true,"href":"https:\/\/fujcisto.com\/en\/wp-json\/wp\/v2\/product_brands?post=1753"}],"curies":[{"name":"wp","href":"https:\/\/api.w.org\/{rel}","templated":true}]}}