{"id":1536,"date":"2025-08-29T16:44:56","date_gmt":"2025-08-29T16:44:56","guid":{"rendered":"https:\/\/fujcisto.com\/proizvod\/frischer-set-za-ciscenje-objektiva-100-ml\/"},"modified":"2025-09-12T15:26:00","modified_gmt":"2025-09-12T15:26:00","slug":"frischer-set-za-ciscenje-objektiva-100-ml","status":"publish","type":"product","link":"https:\/\/fujcisto.com\/en\/product\/frischer-set-za-ciscenje-objektiva-100-ml\/","title":{"rendered":"Frischer \u2013 lens cleaning set 100 ml"},"content":{"rendered":"<p>Microfiber cloths for safe cleaning of photo and video lenses and optics.<\/p>","protected":false},"excerpt":{"rendered":"<p>Microfiber cloths for safe cleaning of photo and video lenses and optics.<\/p>","protected":false},"featured_media":1506,"comment_status":"open","ping_status":"closed","template":"","meta":{"_bst_post_transparent":"","_bst_post_title":"","_bst_post_layout":"","_bst_post_sidebar_id":"","_bst_post_content_style":"","_bst_post_vertical_padding":"","_bst_post_feature":"","_bst_post_feature_position":"","_bst_post_header":false,"_bst_post_footer":false},"product_brand":[117],"product_cat":[15],"product_tag":[],"product_brands":[],"class_list":{"0":"post-1536","1":"product","2":"type-product","3":"status-publish","4":"has-post-thumbnail","6":"product_brand-frischer","7":"product_cat-nekategorizirane","9":"first","10":"outofstock","11":"taxable","12":"shipping-taxable","13":"purchasable","14":"product-type-simple","15":"entry","16":"content-bg","17":"loop-entry"},"supplier_id":null,"supplier_sku":"","barcode":null,"atum_controlled":true,"out_stock_date":"2025-08-29 16:44:57","out_stock_threshold":null,"inheritable":false,"inbound_stock":null,"stock_on_hold":0,"sold_today":0,"sales_last_days":0,"reserved_stock":null,"customer_returns":null,"warehouse_damage":null,"lost_in_post":null,"other_logs":null,"out_stock_days":216,"lost_sales":0,"has_location":null,"update_date":"2026-04-03T01:17:25","atum_locations":[],"atum_stock_status":"outofstock","restock_status":false,"low_stock_amount":"","sales_update_date":"2026-04-03T01:17:25","calc_backorders":null,"yoast_head":"<!-- This site is optimized with the Yoast SEO plugin v26.5 - https:\/\/yoast.com\/wordpress\/plugins\/seo\/ -->\n<title>Frischer \u2013 Set za \u010di\u0161\u0107enje objektiva 100 ml - Fuj \u010cisto<\/title>\n<meta name=\"robots\" content=\"index, follow, max-snippet:-1, max-image-preview:large, max-video-preview:-1\" \/>\n<link rel=\"canonical\" href=\"https:\/\/fujcisto.com\/en\/product\/frischer-set-za-ciscenje-objektiva-100-ml\/\" \/>\n<meta property=\"og:locale\" content=\"en_US\" \/>\n<meta property=\"og:type\" content=\"article\" \/>\n<meta property=\"og:title\" content=\"Frischer \u2013 Set za \u010di\u0161\u0107enje objektiva 100 ml - Fuj \u010cisto\" \/>\n<meta property=\"og:description\" content=\"Sredstvo i krpe od mikrovlakana za sigurno \u010di\u0161\u0107enje foto i video objektiva te optike.\" \/>\n<meta property=\"og:url\" content=\"https:\/\/fujcisto.com\/en\/product\/frischer-set-za-ciscenje-objektiva-100-ml\/\" \/>\n<meta property=\"og:site_name\" content=\"Fuj \u010cisto\" \/>\n<meta property=\"article:modified_time\" content=\"2025-09-12T15:26:00+00:00\" \/>\n<meta property=\"og:image\" content=\"https:\/\/fujcisto.com\/wp-content\/uploads\/2025\/08\/FR00120T_kit_box_Wizualizacja_high-1024x1024.png\" \/>\n\t<meta property=\"og:image:width\" content=\"1024\" \/>\n\t<meta property=\"og:image:height\" content=\"1024\" \/>\n\t<meta property=\"og:image:type\" content=\"image\/png\" \/>\n<meta name=\"twitter:card\" content=\"summary_large_image\" \/>\n<script type=\"application\/ld+json\" class=\"yoast-schema-graph\">{\"@context\":\"https:\/\/schema.org\",\"@graph\":[{\"@type\":\"WebPage\",\"@id\":\"https:\/\/fujcisto.com\/proizvod\/frischer-set-za-ciscenje-objektiva-100-ml\/\",\"url\":\"https:\/\/fujcisto.com\/proizvod\/frischer-set-za-ciscenje-objektiva-100-ml\/\",\"name\":\"Frischer \u2013 Set za \u010di\u0161\u0107enje objektiva 100 ml - Fuj \u010cisto\",\"isPartOf\":{\"@id\":\"https:\/\/fujcisto.com\/#website\"},\"primaryImageOfPage\":{\"@id\":\"https:\/\/fujcisto.com\/proizvod\/frischer-set-za-ciscenje-objektiva-100-ml\/#primaryimage\"},\"image\":{\"@id\":\"https:\/\/fujcisto.com\/proizvod\/frischer-set-za-ciscenje-objektiva-100-ml\/#primaryimage\"},\"thumbnailUrl\":\"https:\/\/fujcisto.com\/wp-content\/uploads\/2025\/08\/FR00120T_kit_box_Wizualizacja_high.png\",\"datePublished\":\"2025-08-29T16:44:56+00:00\",\"dateModified\":\"2025-09-12T15:26:00+00:00\",\"breadcrumb\":{\"@id\":\"https:\/\/fujcisto.com\/proizvod\/frischer-set-za-ciscenje-objektiva-100-ml\/#breadcrumb\"},\"inLanguage\":\"en-US\",\"potentialAction\":[{\"@type\":\"ReadAction\",\"target\":[\"https:\/\/fujcisto.com\/proizvod\/frischer-set-za-ciscenje-objektiva-100-ml\/\"]}]},{\"@type\":\"ImageObject\",\"inLanguage\":\"en-US\",\"@id\":\"https:\/\/fujcisto.com\/proizvod\/frischer-set-za-ciscenje-objektiva-100-ml\/#primaryimage\",\"url\":\"https:\/\/fujcisto.com\/wp-content\/uploads\/2025\/08\/FR00120T_kit_box_Wizualizacja_high.png\",\"contentUrl\":\"https:\/\/fujcisto.com\/wp-content\/uploads\/2025\/08\/FR00120T_kit_box_Wizualizacja_high.png\",\"width\":1800,\"height\":1800,\"caption\":\"FR00120T_kit_box_Wizualizacja_high\"},{\"@type\":\"BreadcrumbList\",\"@id\":\"https:\/\/fujcisto.com\/proizvod\/frischer-set-za-ciscenje-objektiva-100-ml\/#breadcrumb\",\"itemListElement\":[{\"@type\":\"ListItem\",\"position\":1,\"name\":\"Po\u010detna stranica\",\"item\":\"https:\/\/fujcisto.com\/\"},{\"@type\":\"ListItem\",\"position\":2,\"name\":\"Shop\",\"item\":\"https:\/\/fujcisto.com\/shop\/\"},{\"@type\":\"ListItem\",\"position\":3,\"name\":\"Frischer \u2013 Set za \u010di\u0161\u0107enje objektiva 100 ml\"}]},{\"@type\":\"WebSite\",\"@id\":\"https:\/\/fujcisto.com\/#website\",\"url\":\"https:\/\/fujcisto.com\/\",\"name\":\"Fuj \u010cisto\",\"description\":\"Fuj nije opcija. O\u010disti pametno!\",\"publisher\":{\"@id\":\"https:\/\/fujcisto.com\/#organization\"},\"potentialAction\":[{\"@type\":\"SearchAction\",\"target\":{\"@type\":\"EntryPoint\",\"urlTemplate\":\"https:\/\/fujcisto.com\/?s={search_term_string}\"},\"query-input\":{\"@type\":\"PropertyValueSpecification\",\"valueRequired\":true,\"valueName\":\"search_term_string\"}}],\"inLanguage\":\"en-US\"},{\"@type\":\"Organization\",\"@id\":\"https:\/\/fujcisto.com\/#organization\",\"name\":\"Fuj \u010cisto\",\"url\":\"https:\/\/fujcisto.com\/\",\"logo\":{\"@type\":\"ImageObject\",\"inLanguage\":\"en-US\",\"@id\":\"https:\/\/fujcisto.com\/#\/schema\/logo\/image\/\",\"url\":\"https:\/\/fujcisto.com\/wp-content\/uploads\/2025\/06\/fujcisto-logo.svg\",\"contentUrl\":\"https:\/\/fujcisto.com\/wp-content\/uploads\/2025\/06\/fujcisto-logo.svg\",\"width\":100,\"height\":100,\"caption\":\"Fuj \u010cisto\"},\"image\":{\"@id\":\"https:\/\/fujcisto.com\/#\/schema\/logo\/image\/\"}}]}<\/script>\n<!-- \/ Yoast SEO plugin. -->","yoast_head_json":{"title":"Frischer \u2013 Set za \u010di\u0161\u0107enje objektiva 100 ml - Fuj \u010cisto","robots":{"index":"index","follow":"follow","max-snippet":"max-snippet:-1","max-image-preview":"max-image-preview:large","max-video-preview":"max-video-preview:-1"},"canonical":"https:\/\/fujcisto.com\/en\/product\/frischer-set-za-ciscenje-objektiva-100-ml\/","og_locale":"en_US","og_type":"article","og_title":"Frischer \u2013 Set za \u010di\u0161\u0107enje objektiva 100 ml - Fuj \u010cisto","og_description":"Sredstvo i krpe od mikrovlakana za sigurno \u010di\u0161\u0107enje foto i video objektiva te optike.","og_url":"https:\/\/fujcisto.com\/en\/product\/frischer-set-za-ciscenje-objektiva-100-ml\/","og_site_name":"Fuj \u010cisto","article_modified_time":"2025-09-12T15:26:00+00:00","og_image":[{"width":1024,"height":1024,"url":"https:\/\/fujcisto.com\/wp-content\/uploads\/2025\/08\/FR00120T_kit_box_Wizualizacja_high-1024x1024.png","type":"image\/png"}],"twitter_card":"summary_large_image","schema":{"@context":"https:\/\/schema.org","@graph":[{"@type":"WebPage","@id":"https:\/\/fujcisto.com\/proizvod\/frischer-set-za-ciscenje-objektiva-100-ml\/","url":"https:\/\/fujcisto.com\/proizvod\/frischer-set-za-ciscenje-objektiva-100-ml\/","name":"Frischer \u2013 Set za \u010di\u0161\u0107enje objektiva 100 ml - Fuj \u010cisto","isPartOf":{"@id":"https:\/\/fujcisto.com\/#website"},"primaryImageOfPage":{"@id":"https:\/\/fujcisto.com\/proizvod\/frischer-set-za-ciscenje-objektiva-100-ml\/#primaryimage"},"image":{"@id":"https:\/\/fujcisto.com\/proizvod\/frischer-set-za-ciscenje-objektiva-100-ml\/#primaryimage"},"thumbnailUrl":"https:\/\/fujcisto.com\/wp-content\/uploads\/2025\/08\/FR00120T_kit_box_Wizualizacja_high.png","datePublished":"2025-08-29T16:44:56+00:00","dateModified":"2025-09-12T15:26:00+00:00","breadcrumb":{"@id":"https:\/\/fujcisto.com\/proizvod\/frischer-set-za-ciscenje-objektiva-100-ml\/#breadcrumb"},"inLanguage":"en-US","potentialAction":[{"@type":"ReadAction","target":["https:\/\/fujcisto.com\/proizvod\/frischer-set-za-ciscenje-objektiva-100-ml\/"]}]},{"@type":"ImageObject","inLanguage":"en-US","@id":"https:\/\/fujcisto.com\/proizvod\/frischer-set-za-ciscenje-objektiva-100-ml\/#primaryimage","url":"https:\/\/fujcisto.com\/wp-content\/uploads\/2025\/08\/FR00120T_kit_box_Wizualizacja_high.png","contentUrl":"https:\/\/fujcisto.com\/wp-content\/uploads\/2025\/08\/FR00120T_kit_box_Wizualizacja_high.png","width":1800,"height":1800,"caption":"FR00120T_kit_box_Wizualizacja_high"},{"@type":"BreadcrumbList","@id":"https:\/\/fujcisto.com\/proizvod\/frischer-set-za-ciscenje-objektiva-100-ml\/#breadcrumb","itemListElement":[{"@type":"ListItem","position":1,"name":"Po\u010detna stranica","item":"https:\/\/fujcisto.com\/"},{"@type":"ListItem","position":2,"name":"Shop","item":"https:\/\/fujcisto.com\/shop\/"},{"@type":"ListItem","position":3,"name":"Frischer \u2013 Set za \u010di\u0161\u0107enje objektiva 100 ml"}]},{"@type":"WebSite","@id":"https:\/\/fujcisto.com\/#website","url":"https:\/\/fujcisto.com\/","name":"Phew, clean.","description":"ugh is not an option. Clean up smart!","publisher":{"@id":"https:\/\/fujcisto.com\/#organization"},"potentialAction":[{"@type":"SearchAction","target":{"@type":"EntryPoint","urlTemplate":"https:\/\/fujcisto.com\/?s={search_term_string}"},"query-input":{"@type":"PropertyValueSpecification","valueRequired":true,"valueName":"search_term_string"}}],"inLanguage":"en-US"},{"@type":"Organization","@id":"https:\/\/fujcisto.com\/#organization","name":"Phew, clean.","url":"https:\/\/fujcisto.com\/","logo":{"@type":"ImageObject","inLanguage":"en-US","@id":"https:\/\/fujcisto.com\/#\/schema\/logo\/image\/","url":"https:\/\/fujcisto.com\/wp-content\/uploads\/2025\/06\/fujcisto-logo.svg","contentUrl":"https:\/\/fujcisto.com\/wp-content\/uploads\/2025\/06\/fujcisto-logo.svg","width":100,"height":100,"caption":"Fuj \u010cisto"},"image":{"@id":"https:\/\/fujcisto.com\/#\/schema\/logo\/image\/"}}]}},"_links":{"self":[{"href":"https:\/\/fujcisto.com\/en\/wp-json\/wp\/v2\/product\/1536","targetHints":{"allow":["GET"]}}],"collection":[{"href":"https:\/\/fujcisto.com\/en\/wp-json\/wp\/v2\/product"}],"about":[{"href":"https:\/\/fujcisto.com\/en\/wp-json\/wp\/v2\/types\/product"}],"replies":[{"embeddable":true,"href":"https:\/\/fujcisto.com\/en\/wp-json\/wp\/v2\/comments?post=1536"}],"wp:featuredmedia":[{"embeddable":true,"href":"https:\/\/fujcisto.com\/en\/wp-json\/wp\/v2\/media\/1506"}],"wp:attachment":[{"href":"https:\/\/fujcisto.com\/en\/wp-json\/wp\/v2\/media?parent=1536"}],"wp:term":[{"taxonomy":"product_brand","embeddable":true,"href":"https:\/\/fujcisto.com\/en\/wp-json\/wp\/v2\/product_brand?post=1536"},{"taxonomy":"product_cat","embeddable":true,"href":"https:\/\/fujcisto.com\/en\/wp-json\/wp\/v2\/product_cat?post=1536"},{"taxonomy":"product_tag","embeddable":true,"href":"https:\/\/fujcisto.com\/en\/wp-json\/wp\/v2\/product_tag?post=1536"},{"taxonomy":"product_brands","embeddable":true,"href":"https:\/\/fujcisto.com\/en\/wp-json\/wp\/v2\/product_brands?post=1536"}],"curies":[{"name":"wp","href":"https:\/\/api.w.org\/{rel}","templated":true}]}}