{"id":1249,"date":"2025-07-16T22:42:42","date_gmt":"2025-07-16T22:42:42","guid":{"rendered":"https:\/\/fujcisto.com\/?post_type=product&#038;p=1249"},"modified":"2025-11-26T11:37:29","modified_gmt":"2025-11-26T11:37:29","slug":"rogge-duo-clean-dvostruki-set-uklj-rogge-vileda-od-mikrovlakana","status":"publish","type":"product","link":"https:\/\/fujcisto.com\/en\/product\/rogge-duo-clean-dvostruki-set-uklj-rogge-vileda-od-mikrovlakana\/","title":{"rendered":"Rogge Duo-Clean Double set, incl. Rogge &amp; Vileda from microfiber"},"content":{"rendered":"<p><strong>Huge Duo-clean original \u201cDouble Set\u201d display cleaner<br \/>\nLCD \u2013 TFT \u2013 LED \u2013 TV \u2013 touch screens Plasma screen cleaning.<\/strong><\/p>\n<p><strong>Original since 1998. Made in Germany<\/strong><\/p>\n<p><strong>2x screen cleaner 250ml + 2x rogge &amp; red professional microfiber crotch, 38x40cm.<br \/>\nRogge Professional Microfibre Cloth about 38x.3\u00d740 cm, for LCD\/TFT\/LED\/LED+ plasma. Canvas screens suitable for: TV screens, car screens, laptop computer, tablet, smart phone, money desk systems as well as for all smooth and sensitive surfaces.<\/strong><\/p>\n<ul>\n<li><strong>High dust absorption, dirt and fingerprints<\/strong><\/li>\n<li><strong>Good feeling, very efficient and great line for cleaning<\/strong><\/li>\n<li><strong>Especially gentle on a delicate screen \u2013 glass and plastic surfaces<\/strong><\/li>\n<li><strong>Weight: 220 g\/m2<\/strong><\/li>\n<li><strong>Fabric size: 38 x 40 cm<\/strong><\/li>\n<li><strong>Color: blue<\/strong><\/li>\n<li><strong>701tp3 t Polyester microfiber + 30% polyamide microfiber<\/strong><\/li>\n<li><strong>95 \u00b0C \u2013 maximum washing temperature, up to 220x washing without quality loss!<\/strong><\/li>\n<li><strong>sustainable \u2013 efficient \u2013 economically \u2013 environmentally friendly<\/strong><\/li>\n<\/ul>","protected":false},"excerpt":{"rendered":"<p>Huge Duo-Clean Original \u201cDouble Set\u201d LCD \u2013 TFT \u2013 LED \u2013 TV \u2013 touch screens Plasma screen cleaning. Original since 1998. Made in Germany 2x screen cleaner 250ml + 2x rogge &amp; red professional microfiber crotch, 38x40cm. Rogge Professional Microfibre Cloth about 38x.3\u00d740 cm, for LCD\/TFT\/LED\/LED+ plasma. screen\u2026<\/p>","protected":false},"featured_media":1261,"comment_status":"open","ping_status":"closed","template":"","meta":{"_bst_post_transparent":"default","_bst_post_title":"","_bst_post_layout":"default","_bst_post_sidebar_id":"","_bst_post_content_style":"default","_bst_post_vertical_padding":"default","_bst_post_feature":"","_bst_post_feature_position":"","_bst_post_header":false,"_bst_post_footer":false},"product_brand":[105],"product_cat":[93],"product_tag":[],"product_brands":[],"class_list":{"0":"post-1249","1":"product","2":"type-product","3":"status-publish","4":"has-post-thumbnail","6":"product_brand-rogge","7":"product_cat-laptope","9":"first","10":"outofstock","11":"taxable","12":"shipping-taxable","13":"purchasable","14":"product-type-simple","15":"entry","16":"content-bg","17":"loop-entry"},"supplier_id":null,"supplier_sku":"","barcode":null,"atum_controlled":true,"out_stock_date":"2025-11-26 11:37:29","out_stock_threshold":null,"inheritable":false,"inbound_stock":0,"stock_on_hold":0,"sold_today":0,"sales_last_days":0,"reserved_stock":0,"customer_returns":0,"warehouse_damage":0,"lost_in_post":0,"other_logs":0,"out_stock_days":133,"lost_sales":0,"has_location":false,"update_date":"2026-04-09T01:19:15","atum_locations":[],"atum_stock_status":"outofstock","restock_status":false,"low_stock_amount":"","sales_update_date":"2026-04-09T01:19:15","calc_backorders":null,"yoast_head":"<!-- This site is optimized with the Yoast SEO plugin v26.5 - https:\/\/yoast.com\/wordpress\/plugins\/seo\/ -->\n<title>ROGGE DUO-Clean dvostruki set, uklj. ROGGE &amp; Vileda od mikrovlakana - Fuj \u010cisto<\/title>\n<meta name=\"robots\" content=\"index, follow, max-snippet:-1, max-image-preview:large, max-video-preview:-1\" \/>\n<link rel=\"canonical\" href=\"https:\/\/fujcisto.com\/en\/product\/rogge-duo-clean-dvostruki-set-uklj-rogge-vileda-od-mikrovlakana\/\" \/>\n<meta property=\"og:locale\" content=\"en_US\" \/>\n<meta property=\"og:type\" content=\"article\" \/>\n<meta property=\"og:title\" content=\"ROGGE DUO-Clean dvostruki set, uklj. ROGGE &amp; Vileda od mikrovlakana - Fuj \u010cisto\" \/>\n<meta property=\"og:description\" content=\"OGROMNI DUO-\u010cista originalni &#8220;Double Set&#8221; \u010cista\u010d zaslona LCD &#8211; TFT &#8211; LED &#8211; TV &#8211; Dodirni zasloni + \u010ci\u0161\u0107enje zaslona s plazmom. Original od 1998. godine. Napravljeno u NJEMA\u010cKOJ 2x \u010cista\u010d za zaslon 250ml + 2x ROGGE &amp; Ocrvena Profesionalna krota od mikrovlakana, 38x40cm. ROGGE Professional Microfibre Cloth oko 38x.3&#215;40 cm, za LCD\/TFT\/LED\/LED+ plazmu. Zaslona...\" \/>\n<meta property=\"og:url\" content=\"https:\/\/fujcisto.com\/en\/product\/rogge-duo-clean-dvostruki-set-uklj-rogge-vileda-od-mikrovlakana\/\" \/>\n<meta property=\"og:site_name\" content=\"Fuj \u010cisto\" \/>\n<meta property=\"article:modified_time\" content=\"2025-11-26T11:37:29+00:00\" \/>\n<meta property=\"og:image\" content=\"https:\/\/fujcisto.com\/wp-content\/uploads\/2025\/07\/Rogee-Duo.jpg\" \/>\n\t<meta property=\"og:image:width\" content=\"396\" \/>\n\t<meta property=\"og:image:height\" content=\"552\" \/>\n\t<meta property=\"og:image:type\" content=\"image\/jpeg\" \/>\n<meta name=\"twitter:card\" content=\"summary_large_image\" \/>\n<meta name=\"twitter:label1\" content=\"Est. reading time\" \/>\n\t<meta name=\"twitter:data1\" content=\"1 minute\" \/>\n<script type=\"application\/ld+json\" class=\"yoast-schema-graph\">{\"@context\":\"https:\/\/schema.org\",\"@graph\":[{\"@type\":\"WebPage\",\"@id\":\"https:\/\/fujcisto.com\/proizvod\/rogge-duo-clean-dvostruki-set-uklj-rogge-vileda-od-mikrovlakana\/\",\"url\":\"https:\/\/fujcisto.com\/proizvod\/rogge-duo-clean-dvostruki-set-uklj-rogge-vileda-od-mikrovlakana\/\",\"name\":\"ROGGE DUO-Clean dvostruki set, uklj. ROGGE & Vileda od mikrovlakana - Fuj \u010cisto\",\"isPartOf\":{\"@id\":\"https:\/\/fujcisto.com\/#website\"},\"primaryImageOfPage\":{\"@id\":\"https:\/\/fujcisto.com\/proizvod\/rogge-duo-clean-dvostruki-set-uklj-rogge-vileda-od-mikrovlakana\/#primaryimage\"},\"image\":{\"@id\":\"https:\/\/fujcisto.com\/proizvod\/rogge-duo-clean-dvostruki-set-uklj-rogge-vileda-od-mikrovlakana\/#primaryimage\"},\"thumbnailUrl\":\"https:\/\/fujcisto.com\/wp-content\/uploads\/2025\/07\/Rogee-Duo.jpg\",\"datePublished\":\"2025-07-16T22:42:42+00:00\",\"dateModified\":\"2025-11-26T11:37:29+00:00\",\"breadcrumb\":{\"@id\":\"https:\/\/fujcisto.com\/proizvod\/rogge-duo-clean-dvostruki-set-uklj-rogge-vileda-od-mikrovlakana\/#breadcrumb\"},\"inLanguage\":\"en-US\",\"potentialAction\":[{\"@type\":\"ReadAction\",\"target\":[\"https:\/\/fujcisto.com\/proizvod\/rogge-duo-clean-dvostruki-set-uklj-rogge-vileda-od-mikrovlakana\/\"]}]},{\"@type\":\"ImageObject\",\"inLanguage\":\"en-US\",\"@id\":\"https:\/\/fujcisto.com\/proizvod\/rogge-duo-clean-dvostruki-set-uklj-rogge-vileda-od-mikrovlakana\/#primaryimage\",\"url\":\"https:\/\/fujcisto.com\/wp-content\/uploads\/2025\/07\/Rogee-Duo.jpg\",\"contentUrl\":\"https:\/\/fujcisto.com\/wp-content\/uploads\/2025\/07\/Rogee-Duo.jpg\",\"width\":396,\"height\":552,\"caption\":\"Rogee Duo\"},{\"@type\":\"BreadcrumbList\",\"@id\":\"https:\/\/fujcisto.com\/proizvod\/rogge-duo-clean-dvostruki-set-uklj-rogge-vileda-od-mikrovlakana\/#breadcrumb\",\"itemListElement\":[{\"@type\":\"ListItem\",\"position\":1,\"name\":\"Po\u010detna stranica\",\"item\":\"https:\/\/fujcisto.com\/\"},{\"@type\":\"ListItem\",\"position\":2,\"name\":\"Shop\",\"item\":\"https:\/\/fujcisto.com\/shop\/\"},{\"@type\":\"ListItem\",\"position\":3,\"name\":\"ROGGE DUO-Clean dvostruki set, uklj. ROGGE &#038; Vileda od mikrovlakana\"}]},{\"@type\":\"WebSite\",\"@id\":\"https:\/\/fujcisto.com\/#website\",\"url\":\"https:\/\/fujcisto.com\/\",\"name\":\"Fuj \u010cisto\",\"description\":\"Fuj nije opcija. O\u010disti pametno!\",\"publisher\":{\"@id\":\"https:\/\/fujcisto.com\/#organization\"},\"potentialAction\":[{\"@type\":\"SearchAction\",\"target\":{\"@type\":\"EntryPoint\",\"urlTemplate\":\"https:\/\/fujcisto.com\/?s={search_term_string}\"},\"query-input\":{\"@type\":\"PropertyValueSpecification\",\"valueRequired\":true,\"valueName\":\"search_term_string\"}}],\"inLanguage\":\"en-US\"},{\"@type\":\"Organization\",\"@id\":\"https:\/\/fujcisto.com\/#organization\",\"name\":\"Fuj \u010cisto\",\"url\":\"https:\/\/fujcisto.com\/\",\"logo\":{\"@type\":\"ImageObject\",\"inLanguage\":\"en-US\",\"@id\":\"https:\/\/fujcisto.com\/#\/schema\/logo\/image\/\",\"url\":\"https:\/\/fujcisto.com\/wp-content\/uploads\/2025\/06\/fujcisto-logo.svg\",\"contentUrl\":\"https:\/\/fujcisto.com\/wp-content\/uploads\/2025\/06\/fujcisto-logo.svg\",\"width\":100,\"height\":100,\"caption\":\"Fuj \u010cisto\"},\"image\":{\"@id\":\"https:\/\/fujcisto.com\/#\/schema\/logo\/image\/\"}}]}<\/script>\n<!-- \/ Yoast SEO plugin. -->","yoast_head_json":{"title":"ROGGE DUO-Clean dvostruki set, uklj. ROGGE & Vileda od mikrovlakana - Fuj \u010cisto","robots":{"index":"index","follow":"follow","max-snippet":"max-snippet:-1","max-image-preview":"max-image-preview:large","max-video-preview":"max-video-preview:-1"},"canonical":"https:\/\/fujcisto.com\/en\/product\/rogge-duo-clean-dvostruki-set-uklj-rogge-vileda-od-mikrovlakana\/","og_locale":"en_US","og_type":"article","og_title":"ROGGE DUO-Clean dvostruki set, uklj. ROGGE & Vileda od mikrovlakana - Fuj \u010cisto","og_description":"OGROMNI DUO-\u010cista originalni &#8220;Double Set&#8221; \u010cista\u010d zaslona LCD &#8211; TFT &#8211; LED &#8211; TV &#8211; Dodirni zasloni + \u010ci\u0161\u0107enje zaslona s plazmom. Original od 1998. godine. Napravljeno u NJEMA\u010cKOJ 2x \u010cista\u010d za zaslon 250ml + 2x ROGGE &amp; Ocrvena Profesionalna krota od mikrovlakana, 38x40cm. ROGGE Professional Microfibre Cloth oko 38x.3&#215;40 cm, za LCD\/TFT\/LED\/LED+ plazmu. Zaslona...","og_url":"https:\/\/fujcisto.com\/en\/product\/rogge-duo-clean-dvostruki-set-uklj-rogge-vileda-od-mikrovlakana\/","og_site_name":"Fuj \u010cisto","article_modified_time":"2025-11-26T11:37:29+00:00","og_image":[{"width":396,"height":552,"url":"https:\/\/fujcisto.com\/wp-content\/uploads\/2025\/07\/Rogee-Duo.jpg","type":"image\/jpeg"}],"twitter_card":"summary_large_image","twitter_misc":{"Est. reading time":"1 minute"},"schema":{"@context":"https:\/\/schema.org","@graph":[{"@type":"WebPage","@id":"https:\/\/fujcisto.com\/proizvod\/rogge-duo-clean-dvostruki-set-uklj-rogge-vileda-od-mikrovlakana\/","url":"https:\/\/fujcisto.com\/proizvod\/rogge-duo-clean-dvostruki-set-uklj-rogge-vileda-od-mikrovlakana\/","name":"ROGGE DUO-Clean dvostruki set, uklj. ROGGE & Vileda od mikrovlakana - Fuj \u010cisto","isPartOf":{"@id":"https:\/\/fujcisto.com\/#website"},"primaryImageOfPage":{"@id":"https:\/\/fujcisto.com\/proizvod\/rogge-duo-clean-dvostruki-set-uklj-rogge-vileda-od-mikrovlakana\/#primaryimage"},"image":{"@id":"https:\/\/fujcisto.com\/proizvod\/rogge-duo-clean-dvostruki-set-uklj-rogge-vileda-od-mikrovlakana\/#primaryimage"},"thumbnailUrl":"https:\/\/fujcisto.com\/wp-content\/uploads\/2025\/07\/Rogee-Duo.jpg","datePublished":"2025-07-16T22:42:42+00:00","dateModified":"2025-11-26T11:37:29+00:00","breadcrumb":{"@id":"https:\/\/fujcisto.com\/proizvod\/rogge-duo-clean-dvostruki-set-uklj-rogge-vileda-od-mikrovlakana\/#breadcrumb"},"inLanguage":"en-US","potentialAction":[{"@type":"ReadAction","target":["https:\/\/fujcisto.com\/proizvod\/rogge-duo-clean-dvostruki-set-uklj-rogge-vileda-od-mikrovlakana\/"]}]},{"@type":"ImageObject","inLanguage":"en-US","@id":"https:\/\/fujcisto.com\/proizvod\/rogge-duo-clean-dvostruki-set-uklj-rogge-vileda-od-mikrovlakana\/#primaryimage","url":"https:\/\/fujcisto.com\/wp-content\/uploads\/2025\/07\/Rogee-Duo.jpg","contentUrl":"https:\/\/fujcisto.com\/wp-content\/uploads\/2025\/07\/Rogee-Duo.jpg","width":396,"height":552,"caption":"Rogee Duo"},{"@type":"BreadcrumbList","@id":"https:\/\/fujcisto.com\/proizvod\/rogge-duo-clean-dvostruki-set-uklj-rogge-vileda-od-mikrovlakana\/#breadcrumb","itemListElement":[{"@type":"ListItem","position":1,"name":"Po\u010detna stranica","item":"https:\/\/fujcisto.com\/"},{"@type":"ListItem","position":2,"name":"Shop","item":"https:\/\/fujcisto.com\/shop\/"},{"@type":"ListItem","position":3,"name":"ROGGE DUO-Clean dvostruki set, uklj. ROGGE &#038; Vileda od mikrovlakana"}]},{"@type":"WebSite","@id":"https:\/\/fujcisto.com\/#website","url":"https:\/\/fujcisto.com\/","name":"Phew, clean.","description":"ugh is not an option. Clean up smart!","publisher":{"@id":"https:\/\/fujcisto.com\/#organization"},"potentialAction":[{"@type":"SearchAction","target":{"@type":"EntryPoint","urlTemplate":"https:\/\/fujcisto.com\/?s={search_term_string}"},"query-input":{"@type":"PropertyValueSpecification","valueRequired":true,"valueName":"search_term_string"}}],"inLanguage":"en-US"},{"@type":"Organization","@id":"https:\/\/fujcisto.com\/#organization","name":"Phew, clean.","url":"https:\/\/fujcisto.com\/","logo":{"@type":"ImageObject","inLanguage":"en-US","@id":"https:\/\/fujcisto.com\/#\/schema\/logo\/image\/","url":"https:\/\/fujcisto.com\/wp-content\/uploads\/2025\/06\/fujcisto-logo.svg","contentUrl":"https:\/\/fujcisto.com\/wp-content\/uploads\/2025\/06\/fujcisto-logo.svg","width":100,"height":100,"caption":"Fuj \u010cisto"},"image":{"@id":"https:\/\/fujcisto.com\/#\/schema\/logo\/image\/"}}]}},"_links":{"self":[{"href":"https:\/\/fujcisto.com\/en\/wp-json\/wp\/v2\/product\/1249","targetHints":{"allow":["GET"]}}],"collection":[{"href":"https:\/\/fujcisto.com\/en\/wp-json\/wp\/v2\/product"}],"about":[{"href":"https:\/\/fujcisto.com\/en\/wp-json\/wp\/v2\/types\/product"}],"replies":[{"embeddable":true,"href":"https:\/\/fujcisto.com\/en\/wp-json\/wp\/v2\/comments?post=1249"}],"wp:featuredmedia":[{"embeddable":true,"href":"https:\/\/fujcisto.com\/en\/wp-json\/wp\/v2\/media\/1261"}],"wp:attachment":[{"href":"https:\/\/fujcisto.com\/en\/wp-json\/wp\/v2\/media?parent=1249"}],"wp:term":[{"taxonomy":"product_brand","embeddable":true,"href":"https:\/\/fujcisto.com\/en\/wp-json\/wp\/v2\/product_brand?post=1249"},{"taxonomy":"product_cat","embeddable":true,"href":"https:\/\/fujcisto.com\/en\/wp-json\/wp\/v2\/product_cat?post=1249"},{"taxonomy":"product_tag","embeddable":true,"href":"https:\/\/fujcisto.com\/en\/wp-json\/wp\/v2\/product_tag?post=1249"},{"taxonomy":"product_brands","embeddable":true,"href":"https:\/\/fujcisto.com\/en\/wp-json\/wp\/v2\/product_brands?post=1249"}],"curies":[{"name":"wp","href":"https:\/\/api.w.org\/{rel}","templated":true}]}}