{"id":1245,"date":"2025-07-16T22:35:50","date_gmt":"2025-07-16T22:35:50","guid":{"rendered":"https:\/\/fujcisto.com\/?post_type=product&#038;p=1245"},"modified":"2025-12-02T12:03:43","modified_gmt":"2025-12-02T12:03:43","slug":"brillen-reiniger-deluxe-50ml-uklj-super-mekana-krpa-od-mikrovlakana","status":"publish","type":"product","link":"https:\/\/fujcisto.com\/en\/product\/brillen-reiniger-deluxe-50ml-uklj-super-mekana-krpa-od-mikrovlakana\/","title":{"rendered":"Brillen Reiniger Deluxe, 50ml incl. Super soft microfiber cloth"},"content":{"rendered":"<p><strong>Brillen Reiniger <em>Dleuxe<\/em><\/strong><br \/>\n50ml cleaning cups incl. 2 Super Soft Microfibre Cloth approx. 20x20cm (black, blue or gray)<\/p>\n<p>This glass is pure <strong>Thorough and gentle<\/strong> varied lenses. The active active ingredients remove contamination by undermining layers of dirt and then completely removing them.<\/p>\n<ul>\n<li><strong>With antistatic effect, for a clear view!<\/strong><\/li>\n<li><strong>Very quick drying of lenses\/surface<\/strong><\/li>\n<li><strong>unstripe<\/strong><\/li>\n<li><strong>CFC Free<\/strong><\/li>\n<li><strong>loading<\/strong><\/li>\n<\/ul>\n<p>Particularly effective effortlessly removes fingerprints, stains, dust and greasy residues without stripes. With this special cleaner, the glasses are immediately clean and ready for use. The application is more environmentally friendly than wet cloths for cleaning glasses.<\/p>\n<p>Rogge Cleaner is the ideal companion in a jacket, bag, bag,<br \/>\nBackpack, airplane or car.<br \/>\nIdeally suited for travel and travel.<\/p>","protected":false},"excerpt":{"rendered":"<p>Brillen Reiniger Dleuxe 50ml Cleaning cup incl. 2 Super Soft Microfibre Cloth approx. 20x20cm (black, blue or gray) This glass cleans the lenses thoroughly and gently. The active active ingredients remove contamination by undermining layers of dirt and then completely removing them. With antistatic effect, for a clear view! Very quick drying of lenses\/surface without stripes CFC free\u2026<\/p>","protected":false},"featured_media":1264,"comment_status":"open","ping_status":"closed","template":"","meta":{"_bst_post_transparent":"default","_bst_post_title":"","_bst_post_layout":"default","_bst_post_sidebar_id":"","_bst_post_content_style":"default","_bst_post_vertical_padding":"default","_bst_post_feature":"","_bst_post_feature_position":"","_bst_post_header":false,"_bst_post_footer":false},"product_brand":[105],"product_cat":[98,93,106],"product_tag":[],"product_brands":[],"class_list":{"0":"post-1245","1":"product","2":"type-product","3":"status-publish","4":"has-post-thumbnail","6":"product_brand-rogge","7":"product_cat-fotoaparate","8":"product_cat-laptope","9":"product_cat-prozori","11":"first","12":"instock","13":"taxable","14":"shipping-taxable","15":"purchasable","16":"product-type-simple","17":"entry","18":"content-bg","19":"loop-entry"},"supplier_id":null,"supplier_sku":"","barcode":null,"atum_controlled":true,"out_stock_date":null,"out_stock_threshold":null,"inheritable":false,"inbound_stock":0,"stock_on_hold":0,"sold_today":0,"sales_last_days":0,"reserved_stock":0,"customer_returns":0,"warehouse_damage":0,"lost_in_post":0,"other_logs":0,"out_stock_days":0,"lost_sales":0,"has_location":false,"update_date":"2026-04-09T01:19:14","atum_locations":[],"atum_stock_status":"instock","restock_status":false,"low_stock_amount":"","sales_update_date":"2026-04-09T01:19:14","calc_backorders":null,"yoast_head":"<!-- This site is optimized with the Yoast SEO plugin v26.5 - https:\/\/yoast.com\/wordpress\/plugins\/seo\/ -->\n<title>BRILLEN REINIGER Deluxe, 50ml uklj. SUPER MEKANA krpa od mikrovlakana - Fuj \u010cisto<\/title>\n<meta name=\"robots\" content=\"index, follow, max-snippet:-1, max-image-preview:large, max-video-preview:-1\" \/>\n<link rel=\"canonical\" href=\"https:\/\/fujcisto.com\/en\/product\/brillen-reiniger-deluxe-50ml-uklj-super-mekana-krpa-od-mikrovlakana\/\" \/>\n<meta property=\"og:locale\" content=\"en_US\" \/>\n<meta property=\"og:type\" content=\"article\" \/>\n<meta property=\"og:title\" content=\"BRILLEN REINIGER Deluxe, 50ml uklj. SUPER MEKANA krpa od mikrovlakana - Fuj \u010cisto\" \/>\n<meta property=\"og:description\" content=\"BRILLEN REINIGER DLEUXE 50ml \u010da\u0161e za \u010di\u0161\u0107enje uklj. 2 Super Soft Microfibre Cloth cca. 20x20cm (crna, plava ili siva ) Ova \u010da\u0161a \u010dista temeljito i nje\u017eno raznovrstava le\u0107e. Aktivni aktivni sastojci uklanjaju kontaminaciju potkopavanjem slojeva prljav\u0161tine, a zatim ih potpuno uklanjanjem. S antistati\u010dkim u\u010dinkom, za jasan pogled! Vrlo brzo su\u0161enje le\u0107a\/povr\u0161ina Bez pruga CFC besplatno...\" \/>\n<meta property=\"og:url\" content=\"https:\/\/fujcisto.com\/en\/product\/brillen-reiniger-deluxe-50ml-uklj-super-mekana-krpa-od-mikrovlakana\/\" \/>\n<meta property=\"og:site_name\" content=\"Fuj \u010cisto\" \/>\n<meta property=\"article:modified_time\" content=\"2025-12-02T12:03:43+00:00\" \/>\n<meta property=\"og:image\" content=\"https:\/\/fujcisto.com\/wp-content\/uploads\/2025\/07\/Rogge-BRILLEN-REINIGER-Deluxe.jpg\" \/>\n\t<meta property=\"og:image:width\" content=\"396\" \/>\n\t<meta property=\"og:image:height\" content=\"552\" \/>\n\t<meta property=\"og:image:type\" content=\"image\/jpeg\" \/>\n<meta name=\"twitter:card\" content=\"summary_large_image\" \/>\n<meta name=\"twitter:label1\" content=\"Est. reading time\" \/>\n\t<meta name=\"twitter:data1\" content=\"1 minute\" \/>\n<script type=\"application\/ld+json\" class=\"yoast-schema-graph\">{\"@context\":\"https:\/\/schema.org\",\"@graph\":[{\"@type\":\"WebPage\",\"@id\":\"https:\/\/fujcisto.com\/proizvod\/brillen-reiniger-deluxe-50ml-uklj-super-mekana-krpa-od-mikrovlakana\/\",\"url\":\"https:\/\/fujcisto.com\/proizvod\/brillen-reiniger-deluxe-50ml-uklj-super-mekana-krpa-od-mikrovlakana\/\",\"name\":\"BRILLEN REINIGER Deluxe, 50ml uklj. SUPER MEKANA krpa od mikrovlakana - Fuj \u010cisto\",\"isPartOf\":{\"@id\":\"https:\/\/fujcisto.com\/#website\"},\"primaryImageOfPage\":{\"@id\":\"https:\/\/fujcisto.com\/proizvod\/brillen-reiniger-deluxe-50ml-uklj-super-mekana-krpa-od-mikrovlakana\/#primaryimage\"},\"image\":{\"@id\":\"https:\/\/fujcisto.com\/proizvod\/brillen-reiniger-deluxe-50ml-uklj-super-mekana-krpa-od-mikrovlakana\/#primaryimage\"},\"thumbnailUrl\":\"https:\/\/fujcisto.com\/wp-content\/uploads\/2025\/07\/Rogge-BRILLEN-REINIGER-Deluxe.jpg\",\"datePublished\":\"2025-07-16T22:35:50+00:00\",\"dateModified\":\"2025-12-02T12:03:43+00:00\",\"breadcrumb\":{\"@id\":\"https:\/\/fujcisto.com\/proizvod\/brillen-reiniger-deluxe-50ml-uklj-super-mekana-krpa-od-mikrovlakana\/#breadcrumb\"},\"inLanguage\":\"en-US\",\"potentialAction\":[{\"@type\":\"ReadAction\",\"target\":[\"https:\/\/fujcisto.com\/proizvod\/brillen-reiniger-deluxe-50ml-uklj-super-mekana-krpa-od-mikrovlakana\/\"]}]},{\"@type\":\"ImageObject\",\"inLanguage\":\"en-US\",\"@id\":\"https:\/\/fujcisto.com\/proizvod\/brillen-reiniger-deluxe-50ml-uklj-super-mekana-krpa-od-mikrovlakana\/#primaryimage\",\"url\":\"https:\/\/fujcisto.com\/wp-content\/uploads\/2025\/07\/Rogge-BRILLEN-REINIGER-Deluxe.jpg\",\"contentUrl\":\"https:\/\/fujcisto.com\/wp-content\/uploads\/2025\/07\/Rogge-BRILLEN-REINIGER-Deluxe.jpg\",\"width\":396,\"height\":552,\"caption\":\"Rogge - BRILLEN REINIGER Deluxe\"},{\"@type\":\"BreadcrumbList\",\"@id\":\"https:\/\/fujcisto.com\/proizvod\/brillen-reiniger-deluxe-50ml-uklj-super-mekana-krpa-od-mikrovlakana\/#breadcrumb\",\"itemListElement\":[{\"@type\":\"ListItem\",\"position\":1,\"name\":\"Po\u010detna stranica\",\"item\":\"https:\/\/fujcisto.com\/\"},{\"@type\":\"ListItem\",\"position\":2,\"name\":\"Shop\",\"item\":\"https:\/\/fujcisto.com\/shop\/\"},{\"@type\":\"ListItem\",\"position\":3,\"name\":\"BRILLEN REINIGER Deluxe, 50ml uklj. SUPER MEKANA krpa od mikrovlakana\"}]},{\"@type\":\"WebSite\",\"@id\":\"https:\/\/fujcisto.com\/#website\",\"url\":\"https:\/\/fujcisto.com\/\",\"name\":\"Fuj \u010cisto\",\"description\":\"Fuj nije opcija. O\u010disti pametno!\",\"publisher\":{\"@id\":\"https:\/\/fujcisto.com\/#organization\"},\"potentialAction\":[{\"@type\":\"SearchAction\",\"target\":{\"@type\":\"EntryPoint\",\"urlTemplate\":\"https:\/\/fujcisto.com\/?s={search_term_string}\"},\"query-input\":{\"@type\":\"PropertyValueSpecification\",\"valueRequired\":true,\"valueName\":\"search_term_string\"}}],\"inLanguage\":\"en-US\"},{\"@type\":\"Organization\",\"@id\":\"https:\/\/fujcisto.com\/#organization\",\"name\":\"Fuj \u010cisto\",\"url\":\"https:\/\/fujcisto.com\/\",\"logo\":{\"@type\":\"ImageObject\",\"inLanguage\":\"en-US\",\"@id\":\"https:\/\/fujcisto.com\/#\/schema\/logo\/image\/\",\"url\":\"https:\/\/fujcisto.com\/wp-content\/uploads\/2025\/06\/fujcisto-logo.svg\",\"contentUrl\":\"https:\/\/fujcisto.com\/wp-content\/uploads\/2025\/06\/fujcisto-logo.svg\",\"width\":100,\"height\":100,\"caption\":\"Fuj \u010cisto\"},\"image\":{\"@id\":\"https:\/\/fujcisto.com\/#\/schema\/logo\/image\/\"}}]}<\/script>\n<!-- \/ Yoast SEO plugin. -->","yoast_head_json":{"title":"BRILLEN REINIGER Deluxe, 50ml uklj. SUPER MEKANA krpa od mikrovlakana - Fuj \u010cisto","robots":{"index":"index","follow":"follow","max-snippet":"max-snippet:-1","max-image-preview":"max-image-preview:large","max-video-preview":"max-video-preview:-1"},"canonical":"https:\/\/fujcisto.com\/en\/product\/brillen-reiniger-deluxe-50ml-uklj-super-mekana-krpa-od-mikrovlakana\/","og_locale":"en_US","og_type":"article","og_title":"BRILLEN REINIGER Deluxe, 50ml uklj. SUPER MEKANA krpa od mikrovlakana - Fuj \u010cisto","og_description":"BRILLEN REINIGER DLEUXE 50ml \u010da\u0161e za \u010di\u0161\u0107enje uklj. 2 Super Soft Microfibre Cloth cca. 20x20cm (crna, plava ili siva ) Ova \u010da\u0161a \u010dista temeljito i nje\u017eno raznovrstava le\u0107e. Aktivni aktivni sastojci uklanjaju kontaminaciju potkopavanjem slojeva prljav\u0161tine, a zatim ih potpuno uklanjanjem. S antistati\u010dkim u\u010dinkom, za jasan pogled! Vrlo brzo su\u0161enje le\u0107a\/povr\u0161ina Bez pruga CFC besplatno...","og_url":"https:\/\/fujcisto.com\/en\/product\/brillen-reiniger-deluxe-50ml-uklj-super-mekana-krpa-od-mikrovlakana\/","og_site_name":"Fuj \u010cisto","article_modified_time":"2025-12-02T12:03:43+00:00","og_image":[{"width":396,"height":552,"url":"https:\/\/fujcisto.com\/wp-content\/uploads\/2025\/07\/Rogge-BRILLEN-REINIGER-Deluxe.jpg","type":"image\/jpeg"}],"twitter_card":"summary_large_image","twitter_misc":{"Est. reading time":"1 minute"},"schema":{"@context":"https:\/\/schema.org","@graph":[{"@type":"WebPage","@id":"https:\/\/fujcisto.com\/proizvod\/brillen-reiniger-deluxe-50ml-uklj-super-mekana-krpa-od-mikrovlakana\/","url":"https:\/\/fujcisto.com\/proizvod\/brillen-reiniger-deluxe-50ml-uklj-super-mekana-krpa-od-mikrovlakana\/","name":"BRILLEN REINIGER Deluxe, 50ml uklj. SUPER MEKANA krpa od mikrovlakana - Fuj \u010cisto","isPartOf":{"@id":"https:\/\/fujcisto.com\/#website"},"primaryImageOfPage":{"@id":"https:\/\/fujcisto.com\/proizvod\/brillen-reiniger-deluxe-50ml-uklj-super-mekana-krpa-od-mikrovlakana\/#primaryimage"},"image":{"@id":"https:\/\/fujcisto.com\/proizvod\/brillen-reiniger-deluxe-50ml-uklj-super-mekana-krpa-od-mikrovlakana\/#primaryimage"},"thumbnailUrl":"https:\/\/fujcisto.com\/wp-content\/uploads\/2025\/07\/Rogge-BRILLEN-REINIGER-Deluxe.jpg","datePublished":"2025-07-16T22:35:50+00:00","dateModified":"2025-12-02T12:03:43+00:00","breadcrumb":{"@id":"https:\/\/fujcisto.com\/proizvod\/brillen-reiniger-deluxe-50ml-uklj-super-mekana-krpa-od-mikrovlakana\/#breadcrumb"},"inLanguage":"en-US","potentialAction":[{"@type":"ReadAction","target":["https:\/\/fujcisto.com\/proizvod\/brillen-reiniger-deluxe-50ml-uklj-super-mekana-krpa-od-mikrovlakana\/"]}]},{"@type":"ImageObject","inLanguage":"en-US","@id":"https:\/\/fujcisto.com\/proizvod\/brillen-reiniger-deluxe-50ml-uklj-super-mekana-krpa-od-mikrovlakana\/#primaryimage","url":"https:\/\/fujcisto.com\/wp-content\/uploads\/2025\/07\/Rogge-BRILLEN-REINIGER-Deluxe.jpg","contentUrl":"https:\/\/fujcisto.com\/wp-content\/uploads\/2025\/07\/Rogge-BRILLEN-REINIGER-Deluxe.jpg","width":396,"height":552,"caption":"Rogge - BRILLEN REINIGER Deluxe"},{"@type":"BreadcrumbList","@id":"https:\/\/fujcisto.com\/proizvod\/brillen-reiniger-deluxe-50ml-uklj-super-mekana-krpa-od-mikrovlakana\/#breadcrumb","itemListElement":[{"@type":"ListItem","position":1,"name":"Po\u010detna stranica","item":"https:\/\/fujcisto.com\/"},{"@type":"ListItem","position":2,"name":"Shop","item":"https:\/\/fujcisto.com\/shop\/"},{"@type":"ListItem","position":3,"name":"BRILLEN REINIGER Deluxe, 50ml uklj. SUPER MEKANA krpa od mikrovlakana"}]},{"@type":"WebSite","@id":"https:\/\/fujcisto.com\/#website","url":"https:\/\/fujcisto.com\/","name":"Phew, clean.","description":"ugh is not an option. Clean up smart!","publisher":{"@id":"https:\/\/fujcisto.com\/#organization"},"potentialAction":[{"@type":"SearchAction","target":{"@type":"EntryPoint","urlTemplate":"https:\/\/fujcisto.com\/?s={search_term_string}"},"query-input":{"@type":"PropertyValueSpecification","valueRequired":true,"valueName":"search_term_string"}}],"inLanguage":"en-US"},{"@type":"Organization","@id":"https:\/\/fujcisto.com\/#organization","name":"Phew, clean.","url":"https:\/\/fujcisto.com\/","logo":{"@type":"ImageObject","inLanguage":"en-US","@id":"https:\/\/fujcisto.com\/#\/schema\/logo\/image\/","url":"https:\/\/fujcisto.com\/wp-content\/uploads\/2025\/06\/fujcisto-logo.svg","contentUrl":"https:\/\/fujcisto.com\/wp-content\/uploads\/2025\/06\/fujcisto-logo.svg","width":100,"height":100,"caption":"Fuj \u010cisto"},"image":{"@id":"https:\/\/fujcisto.com\/#\/schema\/logo\/image\/"}}]}},"_links":{"self":[{"href":"https:\/\/fujcisto.com\/en\/wp-json\/wp\/v2\/product\/1245","targetHints":{"allow":["GET"]}}],"collection":[{"href":"https:\/\/fujcisto.com\/en\/wp-json\/wp\/v2\/product"}],"about":[{"href":"https:\/\/fujcisto.com\/en\/wp-json\/wp\/v2\/types\/product"}],"replies":[{"embeddable":true,"href":"https:\/\/fujcisto.com\/en\/wp-json\/wp\/v2\/comments?post=1245"}],"wp:featuredmedia":[{"embeddable":true,"href":"https:\/\/fujcisto.com\/en\/wp-json\/wp\/v2\/media\/1264"}],"wp:attachment":[{"href":"https:\/\/fujcisto.com\/en\/wp-json\/wp\/v2\/media?parent=1245"}],"wp:term":[{"taxonomy":"product_brand","embeddable":true,"href":"https:\/\/fujcisto.com\/en\/wp-json\/wp\/v2\/product_brand?post=1245"},{"taxonomy":"product_cat","embeddable":true,"href":"https:\/\/fujcisto.com\/en\/wp-json\/wp\/v2\/product_cat?post=1245"},{"taxonomy":"product_tag","embeddable":true,"href":"https:\/\/fujcisto.com\/en\/wp-json\/wp\/v2\/product_tag?post=1245"},{"taxonomy":"product_brands","embeddable":true,"href":"https:\/\/fujcisto.com\/en\/wp-json\/wp\/v2\/product_brands?post=1245"}],"curies":[{"name":"wp","href":"https:\/\/api.w.org\/{rel}","templated":true}]}}