{"id":1078,"date":"2025-07-14T07:23:07","date_gmt":"2025-07-14T07:23:07","guid":{"rendered":"https:\/\/fujcisto.com\/?post_type=product&#038;p=1078"},"modified":"2025-12-20T13:22:30","modified_gmt":"2025-12-20T13:22:30","slug":"rogge-plastika-okviri-prozora-sve-u-jednom-profesionalno-sredstvo-za-ciscenje-1l","status":"publish","type":"product","link":"https:\/\/fujcisto.com\/en\/product\/rogge-plastika-okviri-prozora-sve-u-jednom-profesionalno-sredstvo-za-ciscenje-1l\/","title":{"rendered":"Rogge Plastic \u2013 All-in-One Window Frames All-In-One Professional Cleaning Deterr 1L"},"content":{"rendered":"<div class=\"WAZqE7 QfrfFD cell\">\n<section class=\"Va_ZoC\" data-hook=\"description-wrapper\">\n<div class=\"LvOu6J\">\n<div class=\"vaI0UH undefined\" data-hook=\"content-wrapper\">\n<p><strong>New! Plastic window frame cleaner, all-in-one professional cleaner<\/strong><\/p>\n<p>1. All clean for plastic, metal and glass surfaces, blinds, blinds, windows, frames, doors, chairs and tables. It can also be used on floor coverings protected according to coatings. Pleasantly scented. It dries quickly and without Dreak.<\/p>\n<ul>\n<li>biodegradable<\/li>\n<li>alcohol-free<\/li>\n<li>Very economical<\/li>\n<li>effective<\/li>\n<li>viable<\/li>\n<li>500ml ready to use cleaner<\/li>\n<li>rechargeable charge<\/li>\n<\/ul>\n<p>scratches plastic window cleaner removes suspended, dust, soot and<br \/>\necological deposit. Fat or nicotine becomes fast and effective without<br \/>\npowered on treated surfaces.<\/p>\n<p>Oggge Premium cleaner achieves excellent and subsequent support<br \/>\nThe effect of cleaning and preserves plastic parts on windows, blinds,<br \/>\nrooms or doors against major damage and attract at the same time<br \/>\nThe effect of anti statics.<\/p>\n<p>Scope of delivery: 1 x 1 l Huge plastic cleaner \/ efficient - economical and environmentally friendly premium cleaner. For doors and shutters, plastic and polishing furniture, solar and photovoltaic panels<\/p>\n<\/div>\n<p>&nbsp;<\/p>\n<div class=\"vaI0UH undefined\" data-hook=\"content-wrapper\">\n<p>New! Plastic window cleaning frame Sparset is an all-in-one professional cleaner 1. liters specially developed for washable plastic, metal and glass surfaces. With this lighted-out all-cleaning, you can not only clean window frames, but also blinds, blinds, doors, chairs, tables and more. In addition, the cleaner can be applied to the floor coatings for coating, which makes it a versatile household cleaner. Get a Cleaner Sparset plastic window now and experience bright clean surfaces in your home!<\/p>\n<\/div>\n<\/div>\n<\/section>\n<\/div>","protected":false},"excerpt":{"rendered":"<p>New! Plastic window frame cleaner, all-in-one professional cleaner 1. All clean for plastic, metal and glass surfaces, blinds, blinds, windows, frames, doors, chairs and tables. It can also be used on floor coverings protected according to coatings. Pleasantly scented. It dries quickly and without Dreak. Biodegradable alcohol-free Very economical effective sustainable 500ml agent for...<\/p>","protected":false},"featured_media":1272,"comment_status":"open","ping_status":"closed","template":"","meta":{"_bst_post_transparent":"default","_bst_post_title":"","_bst_post_layout":"default","_bst_post_sidebar_id":"","_bst_post_content_style":"default","_bst_post_vertical_padding":"default","_bst_post_feature":"","_bst_post_feature_position":"","_bst_post_header":false,"_bst_post_footer":false},"product_brand":[105],"product_cat":[101,106,95],"product_tag":[],"product_brands":[],"class_list":{"0":"post-1078","1":"product","2":"type-product","3":"status-publish","4":"has-post-thumbnail","6":"product_brand-rogge","7":"product_cat-pisi-brisi","8":"product_cat-prozori","9":"product_cat-tipkovnice-misevi","11":"first","12":"instock","13":"taxable","14":"shipping-taxable","15":"purchasable","16":"product-type-simple","17":"entry","18":"content-bg","19":"loop-entry"},"supplier_id":null,"supplier_sku":"","barcode":null,"atum_controlled":true,"out_stock_date":null,"out_stock_threshold":null,"inheritable":false,"inbound_stock":0,"stock_on_hold":0,"sold_today":0,"sales_last_days":0,"reserved_stock":0,"customer_returns":0,"warehouse_damage":0,"lost_in_post":0,"other_logs":0,"out_stock_days":0,"lost_sales":0,"has_location":false,"update_date":"2026-04-05T01:18:11","atum_locations":[],"atum_stock_status":"instock","restock_status":false,"low_stock_amount":"","sales_update_date":"2026-04-05T01:18:11","calc_backorders":null,"yoast_head":"<!-- This site is optimized with the Yoast SEO plugin v26.5 - https:\/\/yoast.com\/wordpress\/plugins\/seo\/ -->\n<title>ROGGE Plastika - Okviri prozora sve-u-jednom profesionalno sredstvo za \u010di\u0161\u0107enje 1L - Fuj \u010cisto<\/title>\n<meta name=\"robots\" content=\"index, follow, max-snippet:-1, max-image-preview:large, max-video-preview:-1\" \/>\n<link rel=\"canonical\" href=\"https:\/\/fujcisto.com\/en\/product\/rogge-plastika-okviri-prozora-sve-u-jednom-profesionalno-sredstvo-za-ciscenje-1l\/\" \/>\n<meta property=\"og:locale\" content=\"en_US\" \/>\n<meta property=\"og:type\" content=\"article\" \/>\n<meta property=\"og:title\" content=\"ROGGE Plastika - Okviri prozora sve-u-jednom profesionalno sredstvo za \u010di\u0161\u0107enje 1L - Fuj \u010cisto\" \/>\n<meta property=\"og:description\" content=\"NOVO! Plasti\u010dni \u010dista\u010d okvira prozora, Sve-u-jednom profesionalno sredstvo za \u010di\u0161\u0107enje 1. Sve \u010diste za plastiku, metalne i staklene povr\u0161ine, rolete, rolete, prozore, okvire, vrata, stolice i stolove. Tako\u0111er se mo\u017ee koristiti na podnim oblogama za\u0161ti\u0107enim prema premazima. Ugodno mirisno. Brzo se su\u0161i i bez dreaka. biorazgradiv bez alkohola vrlo ekonomi\u010dan u\u010dinkovit Odr\u017eivi 500ml sredstvo za...\" \/>\n<meta property=\"og:url\" content=\"https:\/\/fujcisto.com\/en\/product\/rogge-plastika-okviri-prozora-sve-u-jednom-profesionalno-sredstvo-za-ciscenje-1l\/\" \/>\n<meta property=\"og:site_name\" content=\"Fuj \u010cisto\" \/>\n<meta property=\"article:modified_time\" content=\"2025-12-20T13:22:30+00:00\" \/>\n<meta property=\"og:image\" content=\"https:\/\/fujcisto.com\/wp-content\/uploads\/2025\/07\/ROGGE-Plastika.jpg\" \/>\n\t<meta property=\"og:image:width\" content=\"396\" \/>\n\t<meta property=\"og:image:height\" content=\"552\" \/>\n\t<meta property=\"og:image:type\" content=\"image\/jpeg\" \/>\n<meta name=\"twitter:card\" content=\"summary_large_image\" \/>\n<meta name=\"twitter:label1\" content=\"Est. reading time\" \/>\n\t<meta name=\"twitter:data1\" content=\"2 minutes\" \/>\n<script type=\"application\/ld+json\" class=\"yoast-schema-graph\">{\"@context\":\"https:\/\/schema.org\",\"@graph\":[{\"@type\":\"WebPage\",\"@id\":\"https:\/\/fujcisto.com\/proizvod\/rogge-plastika-okviri-prozora-sve-u-jednom-profesionalno-sredstvo-za-ciscenje-1l\/\",\"url\":\"https:\/\/fujcisto.com\/proizvod\/rogge-plastika-okviri-prozora-sve-u-jednom-profesionalno-sredstvo-za-ciscenje-1l\/\",\"name\":\"ROGGE Plastika - Okviri prozora sve-u-jednom profesionalno sredstvo za \u010di\u0161\u0107enje 1L - Fuj \u010cisto\",\"isPartOf\":{\"@id\":\"https:\/\/fujcisto.com\/#website\"},\"primaryImageOfPage\":{\"@id\":\"https:\/\/fujcisto.com\/proizvod\/rogge-plastika-okviri-prozora-sve-u-jednom-profesionalno-sredstvo-za-ciscenje-1l\/#primaryimage\"},\"image\":{\"@id\":\"https:\/\/fujcisto.com\/proizvod\/rogge-plastika-okviri-prozora-sve-u-jednom-profesionalno-sredstvo-za-ciscenje-1l\/#primaryimage\"},\"thumbnailUrl\":\"https:\/\/fujcisto.com\/wp-content\/uploads\/2025\/07\/ROGGE-Plastika.jpg\",\"datePublished\":\"2025-07-14T07:23:07+00:00\",\"dateModified\":\"2025-12-20T13:22:30+00:00\",\"breadcrumb\":{\"@id\":\"https:\/\/fujcisto.com\/proizvod\/rogge-plastika-okviri-prozora-sve-u-jednom-profesionalno-sredstvo-za-ciscenje-1l\/#breadcrumb\"},\"inLanguage\":\"en-US\",\"potentialAction\":[{\"@type\":\"ReadAction\",\"target\":[\"https:\/\/fujcisto.com\/proizvod\/rogge-plastika-okviri-prozora-sve-u-jednom-profesionalno-sredstvo-za-ciscenje-1l\/\"]}]},{\"@type\":\"ImageObject\",\"inLanguage\":\"en-US\",\"@id\":\"https:\/\/fujcisto.com\/proizvod\/rogge-plastika-okviri-prozora-sve-u-jednom-profesionalno-sredstvo-za-ciscenje-1l\/#primaryimage\",\"url\":\"https:\/\/fujcisto.com\/wp-content\/uploads\/2025\/07\/ROGGE-Plastika.jpg\",\"contentUrl\":\"https:\/\/fujcisto.com\/wp-content\/uploads\/2025\/07\/ROGGE-Plastika.jpg\",\"width\":396,\"height\":552,\"caption\":\"ROGGE Plastika\"},{\"@type\":\"BreadcrumbList\",\"@id\":\"https:\/\/fujcisto.com\/proizvod\/rogge-plastika-okviri-prozora-sve-u-jednom-profesionalno-sredstvo-za-ciscenje-1l\/#breadcrumb\",\"itemListElement\":[{\"@type\":\"ListItem\",\"position\":1,\"name\":\"Po\u010detna stranica\",\"item\":\"https:\/\/fujcisto.com\/\"},{\"@type\":\"ListItem\",\"position\":2,\"name\":\"Shop\",\"item\":\"https:\/\/fujcisto.com\/shop\/\"},{\"@type\":\"ListItem\",\"position\":3,\"name\":\"ROGGE Plastika &#8211; Okviri prozora sve-u-jednom profesionalno sredstvo za \u010di\u0161\u0107enje 1L\"}]},{\"@type\":\"WebSite\",\"@id\":\"https:\/\/fujcisto.com\/#website\",\"url\":\"https:\/\/fujcisto.com\/\",\"name\":\"Fuj \u010cisto\",\"description\":\"Fuj nije opcija. O\u010disti pametno!\",\"publisher\":{\"@id\":\"https:\/\/fujcisto.com\/#organization\"},\"potentialAction\":[{\"@type\":\"SearchAction\",\"target\":{\"@type\":\"EntryPoint\",\"urlTemplate\":\"https:\/\/fujcisto.com\/?s={search_term_string}\"},\"query-input\":{\"@type\":\"PropertyValueSpecification\",\"valueRequired\":true,\"valueName\":\"search_term_string\"}}],\"inLanguage\":\"en-US\"},{\"@type\":\"Organization\",\"@id\":\"https:\/\/fujcisto.com\/#organization\",\"name\":\"Fuj \u010cisto\",\"url\":\"https:\/\/fujcisto.com\/\",\"logo\":{\"@type\":\"ImageObject\",\"inLanguage\":\"en-US\",\"@id\":\"https:\/\/fujcisto.com\/#\/schema\/logo\/image\/\",\"url\":\"https:\/\/fujcisto.com\/wp-content\/uploads\/2025\/06\/fujcisto-logo.svg\",\"contentUrl\":\"https:\/\/fujcisto.com\/wp-content\/uploads\/2025\/06\/fujcisto-logo.svg\",\"width\":100,\"height\":100,\"caption\":\"Fuj \u010cisto\"},\"image\":{\"@id\":\"https:\/\/fujcisto.com\/#\/schema\/logo\/image\/\"}}]}<\/script>\n<!-- \/ Yoast SEO plugin. -->","yoast_head_json":{"title":"ROGGE Plastika - Okviri prozora sve-u-jednom profesionalno sredstvo za \u010di\u0161\u0107enje 1L - Fuj \u010cisto","robots":{"index":"index","follow":"follow","max-snippet":"max-snippet:-1","max-image-preview":"max-image-preview:large","max-video-preview":"max-video-preview:-1"},"canonical":"https:\/\/fujcisto.com\/en\/product\/rogge-plastika-okviri-prozora-sve-u-jednom-profesionalno-sredstvo-za-ciscenje-1l\/","og_locale":"en_US","og_type":"article","og_title":"ROGGE Plastika - Okviri prozora sve-u-jednom profesionalno sredstvo za \u010di\u0161\u0107enje 1L - Fuj \u010cisto","og_description":"NOVO! Plasti\u010dni \u010dista\u010d okvira prozora, Sve-u-jednom profesionalno sredstvo za \u010di\u0161\u0107enje 1. Sve \u010diste za plastiku, metalne i staklene povr\u0161ine, rolete, rolete, prozore, okvire, vrata, stolice i stolove. Tako\u0111er se mo\u017ee koristiti na podnim oblogama za\u0161ti\u0107enim prema premazima. Ugodno mirisno. Brzo se su\u0161i i bez dreaka. biorazgradiv bez alkohola vrlo ekonomi\u010dan u\u010dinkovit Odr\u017eivi 500ml sredstvo za...","og_url":"https:\/\/fujcisto.com\/en\/product\/rogge-plastika-okviri-prozora-sve-u-jednom-profesionalno-sredstvo-za-ciscenje-1l\/","og_site_name":"Fuj \u010cisto","article_modified_time":"2025-12-20T13:22:30+00:00","og_image":[{"width":396,"height":552,"url":"https:\/\/fujcisto.com\/wp-content\/uploads\/2025\/07\/ROGGE-Plastika.jpg","type":"image\/jpeg"}],"twitter_card":"summary_large_image","twitter_misc":{"Est. reading time":"2 minutes"},"schema":{"@context":"https:\/\/schema.org","@graph":[{"@type":"WebPage","@id":"https:\/\/fujcisto.com\/proizvod\/rogge-plastika-okviri-prozora-sve-u-jednom-profesionalno-sredstvo-za-ciscenje-1l\/","url":"https:\/\/fujcisto.com\/proizvod\/rogge-plastika-okviri-prozora-sve-u-jednom-profesionalno-sredstvo-za-ciscenje-1l\/","name":"ROGGE Plastika - Okviri prozora sve-u-jednom profesionalno sredstvo za \u010di\u0161\u0107enje 1L - Fuj \u010cisto","isPartOf":{"@id":"https:\/\/fujcisto.com\/#website"},"primaryImageOfPage":{"@id":"https:\/\/fujcisto.com\/proizvod\/rogge-plastika-okviri-prozora-sve-u-jednom-profesionalno-sredstvo-za-ciscenje-1l\/#primaryimage"},"image":{"@id":"https:\/\/fujcisto.com\/proizvod\/rogge-plastika-okviri-prozora-sve-u-jednom-profesionalno-sredstvo-za-ciscenje-1l\/#primaryimage"},"thumbnailUrl":"https:\/\/fujcisto.com\/wp-content\/uploads\/2025\/07\/ROGGE-Plastika.jpg","datePublished":"2025-07-14T07:23:07+00:00","dateModified":"2025-12-20T13:22:30+00:00","breadcrumb":{"@id":"https:\/\/fujcisto.com\/proizvod\/rogge-plastika-okviri-prozora-sve-u-jednom-profesionalno-sredstvo-za-ciscenje-1l\/#breadcrumb"},"inLanguage":"en-US","potentialAction":[{"@type":"ReadAction","target":["https:\/\/fujcisto.com\/proizvod\/rogge-plastika-okviri-prozora-sve-u-jednom-profesionalno-sredstvo-za-ciscenje-1l\/"]}]},{"@type":"ImageObject","inLanguage":"en-US","@id":"https:\/\/fujcisto.com\/proizvod\/rogge-plastika-okviri-prozora-sve-u-jednom-profesionalno-sredstvo-za-ciscenje-1l\/#primaryimage","url":"https:\/\/fujcisto.com\/wp-content\/uploads\/2025\/07\/ROGGE-Plastika.jpg","contentUrl":"https:\/\/fujcisto.com\/wp-content\/uploads\/2025\/07\/ROGGE-Plastika.jpg","width":396,"height":552,"caption":"ROGGE Plastika"},{"@type":"BreadcrumbList","@id":"https:\/\/fujcisto.com\/proizvod\/rogge-plastika-okviri-prozora-sve-u-jednom-profesionalno-sredstvo-za-ciscenje-1l\/#breadcrumb","itemListElement":[{"@type":"ListItem","position":1,"name":"Po\u010detna stranica","item":"https:\/\/fujcisto.com\/"},{"@type":"ListItem","position":2,"name":"Shop","item":"https:\/\/fujcisto.com\/shop\/"},{"@type":"ListItem","position":3,"name":"ROGGE Plastika &#8211; Okviri prozora sve-u-jednom profesionalno sredstvo za \u010di\u0161\u0107enje 1L"}]},{"@type":"WebSite","@id":"https:\/\/fujcisto.com\/#website","url":"https:\/\/fujcisto.com\/","name":"Phew, clean.","description":"ugh is not an option. Clean up smart!","publisher":{"@id":"https:\/\/fujcisto.com\/#organization"},"potentialAction":[{"@type":"SearchAction","target":{"@type":"EntryPoint","urlTemplate":"https:\/\/fujcisto.com\/?s={search_term_string}"},"query-input":{"@type":"PropertyValueSpecification","valueRequired":true,"valueName":"search_term_string"}}],"inLanguage":"en-US"},{"@type":"Organization","@id":"https:\/\/fujcisto.com\/#organization","name":"Phew, clean.","url":"https:\/\/fujcisto.com\/","logo":{"@type":"ImageObject","inLanguage":"en-US","@id":"https:\/\/fujcisto.com\/#\/schema\/logo\/image\/","url":"https:\/\/fujcisto.com\/wp-content\/uploads\/2025\/06\/fujcisto-logo.svg","contentUrl":"https:\/\/fujcisto.com\/wp-content\/uploads\/2025\/06\/fujcisto-logo.svg","width":100,"height":100,"caption":"Fuj \u010cisto"},"image":{"@id":"https:\/\/fujcisto.com\/#\/schema\/logo\/image\/"}}]}},"_links":{"self":[{"href":"https:\/\/fujcisto.com\/en\/wp-json\/wp\/v2\/product\/1078","targetHints":{"allow":["GET"]}}],"collection":[{"href":"https:\/\/fujcisto.com\/en\/wp-json\/wp\/v2\/product"}],"about":[{"href":"https:\/\/fujcisto.com\/en\/wp-json\/wp\/v2\/types\/product"}],"replies":[{"embeddable":true,"href":"https:\/\/fujcisto.com\/en\/wp-json\/wp\/v2\/comments?post=1078"}],"wp:featuredmedia":[{"embeddable":true,"href":"https:\/\/fujcisto.com\/en\/wp-json\/wp\/v2\/media\/1272"}],"wp:attachment":[{"href":"https:\/\/fujcisto.com\/en\/wp-json\/wp\/v2\/media?parent=1078"}],"wp:term":[{"taxonomy":"product_brand","embeddable":true,"href":"https:\/\/fujcisto.com\/en\/wp-json\/wp\/v2\/product_brand?post=1078"},{"taxonomy":"product_cat","embeddable":true,"href":"https:\/\/fujcisto.com\/en\/wp-json\/wp\/v2\/product_cat?post=1078"},{"taxonomy":"product_tag","embeddable":true,"href":"https:\/\/fujcisto.com\/en\/wp-json\/wp\/v2\/product_tag?post=1078"},{"taxonomy":"product_brands","embeddable":true,"href":"https:\/\/fujcisto.com\/en\/wp-json\/wp\/v2\/product_brands?post=1078"}],"curies":[{"name":"wp","href":"https:\/\/api.w.org\/{rel}","templated":true}]}}