{"id":1074,"date":"2025-07-14T07:16:20","date_gmt":"2025-07-14T07:16:20","guid":{"rendered":"https:\/\/fujcisto.com\/?post_type=product&#038;p=1074"},"modified":"2025-11-26T11:39:55","modified_gmt":"2025-11-26T11:39:55","slug":"rogg-cistac-100ml-lcd-tft-led","status":"publish","type":"product","link":"https:\/\/fujcisto.com\/en\/product\/rogg-cistac-100ml-lcd-tft-led\/","title":{"rendered":"ROGGE Screen cleaner 100ml LCD TFT LED"},"content":{"rendered":"<p>LCD\/TFT, LED, OLED &amp; PLASMA SETS OF ASSEMBLY.<br \/>\nWell tested for: TV screen, plasma, LCD, TFT, LED, OLED, smartphone, tablet, navigation, iPhone and other tablets. biodegradable.<\/p>\n<ul>\n<li>* Stripe-free cleaning, removes dirt, fingerprints, and other contamination from the screen!<\/li>\n<li>* Biodegradable, rechargeable<\/li>\n<li>* No alcohol, with antistatic<\/li>\n<li>* The studied screen manufacturer\u2026. with \u201cvery good\u201d<\/li>\n<\/ul>\n<p>Our TopTeler for: TFT\/LCD\/LED\/Mobile glass screens, as well as for a tablet, smartphone, new watch, all in one and all smooth and sensitive surfaces.<\/p>","protected":false},"excerpt":{"rendered":"<p>LCD\/TFT, LED, OLED &amp; PLASMA SETS OF ASSEMBLY. Well tested for: TV screen, plasma, LCD, TFT, LED, OLED, smartphone, tablet, navigation, iPhone and other tablets. biodegradable. * Stripe-free cleaning, removes dirt, fingerprints and other contamination from the screen!* Biodegradable, rechargeable * alcohol-free, with antistatic * studied display manufacturer\u2026. With \u201cvery good\u201d our...<\/p>","protected":false},"featured_media":1274,"comment_status":"open","ping_status":"closed","template":"","meta":{"_bst_post_transparent":"default","_bst_post_title":"","_bst_post_layout":"default","_bst_post_sidebar_id":"","_bst_post_content_style":"default","_bst_post_vertical_padding":"default","_bst_post_feature":"","_bst_post_feature_position":"","_bst_post_header":false,"_bst_post_footer":false},"product_brand":[105],"product_cat":[93],"product_tag":[],"product_brands":[],"class_list":{"0":"post-1074","1":"product","2":"type-product","3":"status-publish","4":"has-post-thumbnail","6":"product_brand-rogge","7":"product_cat-laptope","9":"first","10":"outofstock","11":"taxable","12":"shipping-taxable","13":"purchasable","14":"product-type-simple","15":"entry","16":"content-bg","17":"loop-entry"},"supplier_id":null,"supplier_sku":"","barcode":null,"atum_controlled":true,"out_stock_date":"2025-11-26 11:39:55","out_stock_threshold":null,"inheritable":false,"inbound_stock":0,"stock_on_hold":0,"sold_today":0,"sales_last_days":0,"reserved_stock":0,"customer_returns":0,"warehouse_damage":0,"lost_in_post":0,"other_logs":0,"out_stock_days":129,"lost_sales":0,"has_location":false,"update_date":"2026-04-05T01:18:11","atum_locations":[],"atum_stock_status":"outofstock","restock_status":false,"low_stock_amount":"","sales_update_date":"2026-04-05T01:18:11","calc_backorders":null,"yoast_head":"<!-- This site is optimized with the Yoast SEO plugin v26.5 - https:\/\/yoast.com\/wordpress\/plugins\/seo\/ -->\n<title>ROGGE \u010cista\u010d zaslona 100ml LCD TFT LED - Fuj \u010cisto<\/title>\n<meta name=\"description\" content=\"LCD\/TFT, LED, OLED &amp; Plasma Zasloni Sredstava.Dobro testirani za: TV zaslon, plazma, , pametni telefon, tablet, navigaciju, iPhone i druge tablete\" \/>\n<meta name=\"robots\" content=\"index, follow, max-snippet:-1, max-image-preview:large, max-video-preview:-1\" \/>\n<link rel=\"canonical\" href=\"https:\/\/fujcisto.com\/en\/product\/rogg-cistac-100ml-lcd-tft-led\/\" \/>\n<meta property=\"og:locale\" content=\"en_US\" \/>\n<meta property=\"og:type\" content=\"article\" \/>\n<meta property=\"og:title\" content=\"ROGGE \u010cista\u010d zaslona 100ml LCD TFT LED - Fuj \u010cisto\" \/>\n<meta property=\"og:description\" content=\"LCD\/TFT, LED, OLED &amp; Plasma Zasloni Sredstava.Dobro testirani za: TV zaslon, plazma, , pametni telefon, tablet, navigaciju, iPhone i druge tablete\" \/>\n<meta property=\"og:url\" content=\"https:\/\/fujcisto.com\/en\/product\/rogg-cistac-100ml-lcd-tft-led\/\" \/>\n<meta property=\"og:site_name\" content=\"Fuj \u010cisto\" \/>\n<meta property=\"article:modified_time\" content=\"2025-11-26T11:39:55+00:00\" \/>\n<meta property=\"og:image\" content=\"https:\/\/fujcisto.com\/wp-content\/uploads\/2025\/07\/ROGGE-Cistac-zaslona-100ml.jpg\" \/>\n\t<meta property=\"og:image:width\" content=\"396\" \/>\n\t<meta property=\"og:image:height\" content=\"552\" \/>\n\t<meta property=\"og:image:type\" content=\"image\/jpeg\" \/>\n<meta name=\"twitter:card\" content=\"summary_large_image\" \/>\n<meta name=\"twitter:label1\" content=\"Est. reading time\" \/>\n\t<meta name=\"twitter:data1\" content=\"1 minute\" \/>\n<script type=\"application\/ld+json\" class=\"yoast-schema-graph\">{\"@context\":\"https:\/\/schema.org\",\"@graph\":[{\"@type\":\"WebPage\",\"@id\":\"https:\/\/fujcisto.com\/proizvod\/rogg-cistac-100ml-lcd-tft-led\/\",\"url\":\"https:\/\/fujcisto.com\/proizvod\/rogg-cistac-100ml-lcd-tft-led\/\",\"name\":\"ROGGE \u010cista\u010d zaslona 100ml LCD TFT LED - Fuj \u010cisto\",\"isPartOf\":{\"@id\":\"https:\/\/fujcisto.com\/#website\"},\"primaryImageOfPage\":{\"@id\":\"https:\/\/fujcisto.com\/proizvod\/rogg-cistac-100ml-lcd-tft-led\/#primaryimage\"},\"image\":{\"@id\":\"https:\/\/fujcisto.com\/proizvod\/rogg-cistac-100ml-lcd-tft-led\/#primaryimage\"},\"thumbnailUrl\":\"https:\/\/fujcisto.com\/wp-content\/uploads\/2025\/07\/ROGGE-Cistac-zaslona-100ml.jpg\",\"datePublished\":\"2025-07-14T07:16:20+00:00\",\"dateModified\":\"2025-11-26T11:39:55+00:00\",\"description\":\"LCD\/TFT, LED, OLED & Plasma Zasloni Sredstava.Dobro testirani za: TV zaslon, plazma, , pametni telefon, tablet, navigaciju, iPhone i druge tablete\",\"breadcrumb\":{\"@id\":\"https:\/\/fujcisto.com\/proizvod\/rogg-cistac-100ml-lcd-tft-led\/#breadcrumb\"},\"inLanguage\":\"en-US\",\"potentialAction\":[{\"@type\":\"ReadAction\",\"target\":[\"https:\/\/fujcisto.com\/proizvod\/rogg-cistac-100ml-lcd-tft-led\/\"]}]},{\"@type\":\"ImageObject\",\"inLanguage\":\"en-US\",\"@id\":\"https:\/\/fujcisto.com\/proizvod\/rogg-cistac-100ml-lcd-tft-led\/#primaryimage\",\"url\":\"https:\/\/fujcisto.com\/wp-content\/uploads\/2025\/07\/ROGGE-Cistac-zaslona-100ml.jpg\",\"contentUrl\":\"https:\/\/fujcisto.com\/wp-content\/uploads\/2025\/07\/ROGGE-Cistac-zaslona-100ml.jpg\",\"width\":396,\"height\":552,\"caption\":\"ROGGE \u010cista\u010d zaslona 100ml\"},{\"@type\":\"BreadcrumbList\",\"@id\":\"https:\/\/fujcisto.com\/proizvod\/rogg-cistac-100ml-lcd-tft-led\/#breadcrumb\",\"itemListElement\":[{\"@type\":\"ListItem\",\"position\":1,\"name\":\"Po\u010detna stranica\",\"item\":\"https:\/\/fujcisto.com\/\"},{\"@type\":\"ListItem\",\"position\":2,\"name\":\"Shop\",\"item\":\"https:\/\/fujcisto.com\/shop\/\"},{\"@type\":\"ListItem\",\"position\":3,\"name\":\"ROGGE \u010cista\u010d zaslona 100ml LCD TFT LED\"}]},{\"@type\":\"WebSite\",\"@id\":\"https:\/\/fujcisto.com\/#website\",\"url\":\"https:\/\/fujcisto.com\/\",\"name\":\"Fuj \u010cisto\",\"description\":\"Fuj nije opcija. O\u010disti pametno!\",\"publisher\":{\"@id\":\"https:\/\/fujcisto.com\/#organization\"},\"potentialAction\":[{\"@type\":\"SearchAction\",\"target\":{\"@type\":\"EntryPoint\",\"urlTemplate\":\"https:\/\/fujcisto.com\/?s={search_term_string}\"},\"query-input\":{\"@type\":\"PropertyValueSpecification\",\"valueRequired\":true,\"valueName\":\"search_term_string\"}}],\"inLanguage\":\"en-US\"},{\"@type\":\"Organization\",\"@id\":\"https:\/\/fujcisto.com\/#organization\",\"name\":\"Fuj \u010cisto\",\"url\":\"https:\/\/fujcisto.com\/\",\"logo\":{\"@type\":\"ImageObject\",\"inLanguage\":\"en-US\",\"@id\":\"https:\/\/fujcisto.com\/#\/schema\/logo\/image\/\",\"url\":\"https:\/\/fujcisto.com\/wp-content\/uploads\/2025\/06\/fujcisto-logo.svg\",\"contentUrl\":\"https:\/\/fujcisto.com\/wp-content\/uploads\/2025\/06\/fujcisto-logo.svg\",\"width\":100,\"height\":100,\"caption\":\"Fuj \u010cisto\"},\"image\":{\"@id\":\"https:\/\/fujcisto.com\/#\/schema\/logo\/image\/\"}}]}<\/script>\n<!-- \/ Yoast SEO plugin. -->","yoast_head_json":{"title":"ROGGE \u010cista\u010d zaslona 100ml LCD TFT LED - Fuj \u010cisto","description":"LCD\/TFT, LED, OLED & Plasma Zasloni Sredstava.Dobro testirani za: TV zaslon, plazma, , pametni telefon, tablet, navigaciju, iPhone i druge tablete","robots":{"index":"index","follow":"follow","max-snippet":"max-snippet:-1","max-image-preview":"max-image-preview:large","max-video-preview":"max-video-preview:-1"},"canonical":"https:\/\/fujcisto.com\/en\/product\/rogg-cistac-100ml-lcd-tft-led\/","og_locale":"en_US","og_type":"article","og_title":"ROGGE \u010cista\u010d zaslona 100ml LCD TFT LED - Fuj \u010cisto","og_description":"LCD\/TFT, LED, OLED & Plasma Zasloni Sredstava.Dobro testirani za: TV zaslon, plazma, , pametni telefon, tablet, navigaciju, iPhone i druge tablete","og_url":"https:\/\/fujcisto.com\/en\/product\/rogg-cistac-100ml-lcd-tft-led\/","og_site_name":"Fuj \u010cisto","article_modified_time":"2025-11-26T11:39:55+00:00","og_image":[{"width":396,"height":552,"url":"https:\/\/fujcisto.com\/wp-content\/uploads\/2025\/07\/ROGGE-Cistac-zaslona-100ml.jpg","type":"image\/jpeg"}],"twitter_card":"summary_large_image","twitter_misc":{"Est. reading time":"1 minute"},"schema":{"@context":"https:\/\/schema.org","@graph":[{"@type":"WebPage","@id":"https:\/\/fujcisto.com\/proizvod\/rogg-cistac-100ml-lcd-tft-led\/","url":"https:\/\/fujcisto.com\/proizvod\/rogg-cistac-100ml-lcd-tft-led\/","name":"ROGGE \u010cista\u010d zaslona 100ml LCD TFT LED - Fuj \u010cisto","isPartOf":{"@id":"https:\/\/fujcisto.com\/#website"},"primaryImageOfPage":{"@id":"https:\/\/fujcisto.com\/proizvod\/rogg-cistac-100ml-lcd-tft-led\/#primaryimage"},"image":{"@id":"https:\/\/fujcisto.com\/proizvod\/rogg-cistac-100ml-lcd-tft-led\/#primaryimage"},"thumbnailUrl":"https:\/\/fujcisto.com\/wp-content\/uploads\/2025\/07\/ROGGE-Cistac-zaslona-100ml.jpg","datePublished":"2025-07-14T07:16:20+00:00","dateModified":"2025-11-26T11:39:55+00:00","description":"LCD\/TFT, LED, OLED & Plasma Zasloni Sredstava.Dobro testirani za: TV zaslon, plazma, , pametni telefon, tablet, navigaciju, iPhone i druge tablete","breadcrumb":{"@id":"https:\/\/fujcisto.com\/proizvod\/rogg-cistac-100ml-lcd-tft-led\/#breadcrumb"},"inLanguage":"en-US","potentialAction":[{"@type":"ReadAction","target":["https:\/\/fujcisto.com\/proizvod\/rogg-cistac-100ml-lcd-tft-led\/"]}]},{"@type":"ImageObject","inLanguage":"en-US","@id":"https:\/\/fujcisto.com\/proizvod\/rogg-cistac-100ml-lcd-tft-led\/#primaryimage","url":"https:\/\/fujcisto.com\/wp-content\/uploads\/2025\/07\/ROGGE-Cistac-zaslona-100ml.jpg","contentUrl":"https:\/\/fujcisto.com\/wp-content\/uploads\/2025\/07\/ROGGE-Cistac-zaslona-100ml.jpg","width":396,"height":552,"caption":"ROGGE \u010cista\u010d zaslona 100ml"},{"@type":"BreadcrumbList","@id":"https:\/\/fujcisto.com\/proizvod\/rogg-cistac-100ml-lcd-tft-led\/#breadcrumb","itemListElement":[{"@type":"ListItem","position":1,"name":"Po\u010detna stranica","item":"https:\/\/fujcisto.com\/"},{"@type":"ListItem","position":2,"name":"Shop","item":"https:\/\/fujcisto.com\/shop\/"},{"@type":"ListItem","position":3,"name":"ROGGE \u010cista\u010d zaslona 100ml LCD TFT LED"}]},{"@type":"WebSite","@id":"https:\/\/fujcisto.com\/#website","url":"https:\/\/fujcisto.com\/","name":"Phew, clean.","description":"ugh is not an option. Clean up smart!","publisher":{"@id":"https:\/\/fujcisto.com\/#organization"},"potentialAction":[{"@type":"SearchAction","target":{"@type":"EntryPoint","urlTemplate":"https:\/\/fujcisto.com\/?s={search_term_string}"},"query-input":{"@type":"PropertyValueSpecification","valueRequired":true,"valueName":"search_term_string"}}],"inLanguage":"en-US"},{"@type":"Organization","@id":"https:\/\/fujcisto.com\/#organization","name":"Phew, clean.","url":"https:\/\/fujcisto.com\/","logo":{"@type":"ImageObject","inLanguage":"en-US","@id":"https:\/\/fujcisto.com\/#\/schema\/logo\/image\/","url":"https:\/\/fujcisto.com\/wp-content\/uploads\/2025\/06\/fujcisto-logo.svg","contentUrl":"https:\/\/fujcisto.com\/wp-content\/uploads\/2025\/06\/fujcisto-logo.svg","width":100,"height":100,"caption":"Fuj \u010cisto"},"image":{"@id":"https:\/\/fujcisto.com\/#\/schema\/logo\/image\/"}}]}},"_links":{"self":[{"href":"https:\/\/fujcisto.com\/en\/wp-json\/wp\/v2\/product\/1074","targetHints":{"allow":["GET"]}}],"collection":[{"href":"https:\/\/fujcisto.com\/en\/wp-json\/wp\/v2\/product"}],"about":[{"href":"https:\/\/fujcisto.com\/en\/wp-json\/wp\/v2\/types\/product"}],"replies":[{"embeddable":true,"href":"https:\/\/fujcisto.com\/en\/wp-json\/wp\/v2\/comments?post=1074"}],"wp:featuredmedia":[{"embeddable":true,"href":"https:\/\/fujcisto.com\/en\/wp-json\/wp\/v2\/media\/1274"}],"wp:attachment":[{"href":"https:\/\/fujcisto.com\/en\/wp-json\/wp\/v2\/media?parent=1074"}],"wp:term":[{"taxonomy":"product_brand","embeddable":true,"href":"https:\/\/fujcisto.com\/en\/wp-json\/wp\/v2\/product_brand?post=1074"},{"taxonomy":"product_cat","embeddable":true,"href":"https:\/\/fujcisto.com\/en\/wp-json\/wp\/v2\/product_cat?post=1074"},{"taxonomy":"product_tag","embeddable":true,"href":"https:\/\/fujcisto.com\/en\/wp-json\/wp\/v2\/product_tag?post=1074"},{"taxonomy":"product_brands","embeddable":true,"href":"https:\/\/fujcisto.com\/en\/wp-json\/wp\/v2\/product_brands?post=1074"}],"curies":[{"name":"wp","href":"https:\/\/api.w.org\/{rel}","templated":true}]}}